{"id":169,"date":"2024-10-27T21:55:41","date_gmt":"2024-10-27T21:55:41","guid":{"rendered":"https:\/\/kbfiunio.hu\/?page_id=169"},"modified":"2025-12-09T19:27:05","modified_gmt":"2025-12-09T19:27:05","slug":"cegadatok","status":"publish","type":"page","link":"https:\/\/kbfiunio.hu\/?page_id=169","title":{"rendered":"C\u00e9gadatok"},"content":{"rendered":"\t\t<div data-elementor-type=\"wp-page\" data-elementor-id=\"169\" class=\"elementor elementor-169\" data-elementor-post-type=\"page\">\n\t\t\t\t\t\t<section class=\"elementor-section elementor-top-section elementor-element elementor-element-146bdeba elementor-section-boxed elementor-section-height-default elementor-section-height-default\" data-id=\"146bdeba\" data-element_type=\"section\" data-e-type=\"section\" data-settings=\"{&quot;background_background&quot;:&quot;classic&quot;}\">\n\t\t\t\t\t\t<div class=\"elementor-container elementor-column-gap-wide\">\n\t\t\t\t\t<div class=\"elementor-column elementor-col-100 elementor-top-column elementor-element elementor-element-74803a0d\" data-id=\"74803a0d\" data-element_type=\"column\" data-e-type=\"column\">\n\t\t\t<div class=\"elementor-widget-wrap elementor-element-populated\">\n\t\t\t\t\t\t<div class=\"elementor-element elementor-element-3d21653e elementor-widget elementor-widget-heading\" data-id=\"3d21653e\" data-element_type=\"widget\" data-e-type=\"widget\" data-widget_type=\"heading.default\">\n\t\t\t\t<div class=\"elementor-widget-container\">\n\t\t\t\t\t<h3 class=\"elementor-heading-title elementor-size-default\">C\u00e9gadatok\n<\/h3>\t\t\t\t<\/div>\n\t\t\t\t<\/div>\n\t\t\t\t<div class=\"elementor-element elementor-element-4b701dd6 elementor-widget elementor-widget-text-editor\" data-id=\"4b701dd6\" data-element_type=\"widget\" data-e-type=\"widget\" data-widget_type=\"text-editor.default\">\n\t\t\t\t<div class=\"elementor-widget-container\">\n\t\t\t\t\t\t\t\t\t<p>C\u00e9g elnevez\u00e9se: KBFI-UNI\u00d3 B\u00e1ny\u00e1szati Technol\u00f3giai Fejleszt\u00e9si Kft.<\/p><p>Sz\u00e1ml\u00e1z\u00e1si c\u00edm: 1211 Budapest Transzform\u00e1torgy\u00e1r u. 3\/b.<\/p><p>Postac\u00edm: 1751 Budapest Pf. 126<\/p><p>Telefon: 1-420-4201 \/ 278-2791<\/p><p>Fax: 1-420-4201<\/p><p>Mobil: 06-20-945-1596<\/p><p>Mobil: 06-20-343-2939<\/p><p>E-mail:\u00a0<a href=\"mailto:kbfiunio@kbfiunio.hu\">kbfiunio@kbfiunio.hu<\/a><\/p><p>Alap\u00edt\u00e1s id\u0151pontja: 1990<\/p><p>C\u00e9gjegyz\u00e9ksz\u00e1m: Cg. 01-09-070851<\/p><p>Ad\u00f3sz\u00e1m: 10426436-2-43<\/p><p>EU k\u00f6z\u00f6ss\u00e9gi ad\u00f3sz\u00e1m: HU 10426436<\/p><p>Sz\u00e1mlavezet\u0151 Bank: ERSTE BANK HUNGARY RT<\/p><p>Bankfi\u00f3k c\u00edme: 1211 Budapest Kossuth Lajos u. 47-49<\/p><p>Swift k\u00f3d: GIBAHUHB<\/p><p>Bank sz\u00e1mlasz\u00e1m: 11648000-08111300-48000008<\/p><p>Nemzetk\u00f6zi banksz\u00e1mlasz\u00e1m: HU25 116480000811130048000008<\/p><p>\u00dcgyf\u00e9l azonos\u00edt\u00f3 032649<\/p>\t\t\t\t\t\t\t\t<\/div>\n\t\t\t\t<\/div>\n\t\t\t\t<div class=\"elementor-element elementor-element-5c0a3fa elementor-widget-divider--view-line elementor-widget elementor-widget-divider\" data-id=\"5c0a3fa\" data-element_type=\"widget\" data-e-type=\"widget\" data-widget_type=\"divider.default\">\n\t\t\t\t<div class=\"elementor-widget-container\">\n\t\t\t\t\t\t\t<div class=\"elementor-divider\">\n\t\t\t<span class=\"elementor-divider-separator\">\n\t\t\t\t\t\t<\/span>\n\t\t<\/div>\n\t\t\t\t\t\t<\/div>\n\t\t\t\t<\/div>\n\t\t<div class=\"elementor-element elementor-element-052a34d e-grid e-con-boxed e-con e-parent\" data-id=\"052a34d\" data-element_type=\"container\" data-e-type=\"container\">\n\t\t\t\t\t<div class=\"e-con-inner\">\n\t\t\t\t<div class=\"elementor-element elementor-element-cc3cee5 elementor-position-top elementor-widget elementor-widget-image-box\" data-id=\"cc3cee5\" data-element_type=\"widget\" data-e-type=\"widget\" data-widget_type=\"image-box.default\">\n\t\t\t\t<div class=\"elementor-widget-container\">\n\t\t\t\t\t<div class=\"elementor-image-box-wrapper\"><figure class=\"elementor-image-box-img\"><a href=\"https:\/\/kbfiunio.hu\/wp-content\/uploads\/2025\/12\/ISO_2025_HUN.pdf\" target=\"_blank\" rel=\"nofollow\" tabindex=\"-1\"><img decoding=\"async\" width=\"265\" height=\"116\" src=\"https:\/\/kbfiunio.hu\/wp-content\/uploads\/2025\/12\/kbfiunio_ISO_2025.jpg\" class=\"attachment-full size-full wp-image-379\" alt=\"\" \/><\/a><\/figure><div class=\"elementor-image-box-content\"><p class=\"elementor-image-box-description\">ISO 2025 HUN<\/p><\/div><\/div>\t\t\t\t<\/div>\n\t\t\t\t<\/div>\n\t\t\t\t<div class=\"elementor-element elementor-element-60b184d elementor-position-top elementor-widget elementor-widget-image-box\" data-id=\"60b184d\" data-element_type=\"widget\" data-e-type=\"widget\" data-widget_type=\"image-box.default\">\n\t\t\t\t<div class=\"elementor-widget-container\">\n\t\t\t\t\t<div class=\"elementor-image-box-wrapper\"><figure class=\"elementor-image-box-img\"><a href=\"https:\/\/kbfiunio.hu\/wp-content\/uploads\/2025\/12\/ISO_2025_ENG.pdf\" target=\"_blank\" rel=\"nofollow\" tabindex=\"-1\"><img decoding=\"async\" width=\"265\" height=\"116\" src=\"https:\/\/kbfiunio.hu\/wp-content\/uploads\/2025\/12\/kbfiunio_ISO_2025.jpg\" class=\"attachment-full size-full wp-image-379\" alt=\"\" \/><\/a><\/figure><div class=\"elementor-image-box-content\"><p class=\"elementor-image-box-description\">ISO 2025 ENG<\/p><\/div><\/div>\t\t\t\t<\/div>\n\t\t\t\t<\/div>\n\t\t\t\t\t<\/div>\n\t\t\t\t<\/div>\n\t\t\t\t\t<\/div>\n\t\t<\/div>\n\t\t\t\t\t<\/div>\n\t\t<\/section>\n\t\t\t\t<\/div>\n\t\t","protected":false},"excerpt":{"rendered":"<p>C\u00e9gadatok C\u00e9g elnevez\u00e9se: KBFI-UNI\u00d3 B\u00e1ny\u00e1szati Technol\u00f3giai Fejleszt\u00e9si Kft. Sz\u00e1ml\u00e1z\u00e1si c\u00edm: 1211 Budapest Transzform\u00e1torgy\u00e1r u. 3\/b. Postac\u00edm: 1751 Budapest Pf. 126 Telefon: 1-420-4201 \/ 278-2791 Fax: 1-420-4201 Mobil: 06-20-945-1596 Mobil: 06-20-343-2939 E-mail:\u00a0kbfiunio@kbfiunio.hu Alap\u00edt\u00e1s id\u0151pontja: 1990 C\u00e9gjegyz\u00e9ksz\u00e1m: Cg. 01-09-070851 Ad\u00f3sz\u00e1m: 10426436-2-43 EU k\u00f6z\u00f6ss\u00e9gi ad\u00f3sz\u00e1m: HU 10426436 Sz\u00e1mlavezet\u0151 Bank: ERSTE BANK HUNGARY RT Bankfi\u00f3k c\u00edme: 1211 Budapest Kossuth [&hellip;]<\/p>\n","protected":false},"author":1,"featured_media":0,"parent":0,"menu_order":0,"comment_status":"closed","ping_status":"closed","template":"","meta":{"footnotes":""},"class_list":["post-169","page","type-page","status-publish","hentry"],"_links":{"self":[{"href":"https:\/\/kbfiunio.hu\/index.php?rest_route=\/wp\/v2\/pages\/169","targetHints":{"allow":["GET"]}}],"collection":[{"href":"https:\/\/kbfiunio.hu\/index.php?rest_route=\/wp\/v2\/pages"}],"about":[{"href":"https:\/\/kbfiunio.hu\/index.php?rest_route=\/wp\/v2\/types\/page"}],"author":[{"embeddable":true,"href":"https:\/\/kbfiunio.hu\/index.php?rest_route=\/wp\/v2\/users\/1"}],"replies":[{"embeddable":true,"href":"https:\/\/kbfiunio.hu\/index.php?rest_route=%2Fwp%2Fv2%2Fcomments&post=169"}],"version-history":[{"count":13,"href":"https:\/\/kbfiunio.hu\/index.php?rest_route=\/wp\/v2\/pages\/169\/revisions"}],"predecessor-version":[{"id":391,"href":"https:\/\/kbfiunio.hu\/index.php?rest_route=\/wp\/v2\/pages\/169\/revisions\/391"}],"wp:attachment":[{"href":"https:\/\/kbfiunio.hu\/index.php?rest_route=%2Fwp%2Fv2%2Fmedia&parent=169"}],"curies":[{"name":"wp","href":"https:\/\/api.w.org\/{rel}","templated":true}]}}