{"id":189,"date":"2024-10-27T22:11:41","date_gmt":"2024-10-27T22:11:41","guid":{"rendered":"https:\/\/kbfiunio.hu\/?page_id=189"},"modified":"2024-11-09T12:52:49","modified_gmt":"2024-11-09T12:52:49","slug":"sugarforrasok-radioaktiv-anyagok-tarolasa","status":"publish","type":"page","link":"https:\/\/kbfiunio.hu\/?page_id=189","title":{"rendered":"Sug\u00e1rforr\u00e1sok, radioakt\u00edv anyagok t\u00e1rol\u00e1sa"},"content":{"rendered":"\t\t<div data-elementor-type=\"wp-page\" data-elementor-id=\"189\" class=\"elementor elementor-189\" data-elementor-post-type=\"page\">\n\t\t\t\t\t\t<section class=\"elementor-section elementor-top-section elementor-element elementor-element-4bd83891 elementor-section-boxed elementor-section-height-default elementor-section-height-default\" data-id=\"4bd83891\" data-element_type=\"section\" data-e-type=\"section\" data-settings=\"{&quot;background_background&quot;:&quot;classic&quot;}\">\n\t\t\t\t\t\t<div class=\"elementor-container elementor-column-gap-wide\">\n\t\t\t\t\t<div class=\"elementor-column elementor-col-100 elementor-top-column elementor-element elementor-element-392aa4f2\" data-id=\"392aa4f2\" data-element_type=\"column\" data-e-type=\"column\">\n\t\t\t<div class=\"elementor-widget-wrap elementor-element-populated\">\n\t\t\t\t\t\t<div class=\"elementor-element elementor-element-3ac5ddf3 elementor-widget elementor-widget-heading\" data-id=\"3ac5ddf3\" data-element_type=\"widget\" data-e-type=\"widget\" data-widget_type=\"heading.default\">\n\t\t\t\t<div class=\"elementor-widget-container\">\n\t\t\t\t\t<h3 class=\"elementor-heading-title elementor-size-default\">\nSug\u00e1rforr\u00e1sok, radioakt\u00edv anyagok t\u00e1rol\u00e1sa\n\n<\/h3>\t\t\t\t<\/div>\n\t\t\t\t<\/div>\n\t\t\t\t<div class=\"elementor-element elementor-element-e1093f7 elementor-widget elementor-widget-image\" data-id=\"e1093f7\" data-element_type=\"widget\" data-e-type=\"widget\" data-widget_type=\"image.default\">\n\t\t\t\t<div class=\"elementor-widget-container\">\n\t\t\t\t\t\t\t\t\t\t\t\t\t\t\t<img fetchpriority=\"high\" decoding=\"async\" width=\"800\" height=\"343\" src=\"https:\/\/kbfiunio.hu\/wp-content\/uploads\/2024\/10\/radioaktiv-1024x439.jpg\" class=\"attachment-large size-large wp-image-158\" alt=\"radioaktiv\" srcset=\"https:\/\/kbfiunio.hu\/wp-content\/uploads\/2024\/10\/radioaktiv-1024x439.jpg 1024w, https:\/\/kbfiunio.hu\/wp-content\/uploads\/2024\/10\/radioaktiv-300x129.jpg 300w, https:\/\/kbfiunio.hu\/wp-content\/uploads\/2024\/10\/radioaktiv-768x329.jpg 768w, https:\/\/kbfiunio.hu\/wp-content\/uploads\/2024\/10\/radioaktiv.jpg 1200w\" sizes=\"(max-width: 800px) 100vw, 800px\" \/>\t\t\t\t\t\t\t\t\t\t\t\t\t\t\t<\/div>\n\t\t\t\t<\/div>\n\t\t\t\t<div class=\"elementor-element elementor-element-225cbfbf elementor-widget elementor-widget-text-editor\" data-id=\"225cbfbf\" data-element_type=\"widget\" data-e-type=\"widget\" data-widget_type=\"text-editor.default\">\n\t\t\t\t<div class=\"elementor-widget-container\">\n\t\t\t\t\t\t\t\t\t<p>A KBFI-UNI\u00d3 Kft. tev\u00e9kenys\u00e9g\u00e9nek b\u0151v\u00edt\u00e9se \u00e9rdek\u00e9ben, illetve a t\u00e1rol\u00e1ssal kapcsolatos jogszab\u00e1lyok szigorod\u00e1s\u00e1b\u00f3l ad\u00f3d\u00f3 \u00faj ig\u00e9nyek alapj\u00e1n&nbsp; t\u00e1rol\u00f3helyeket \u00e9p\u00edtett ki, melyben megfelel\u0151 k\u00f6r\u00fclm\u00e9nyek k\u00f6z\u00f6tt k\u00e9pes t\u00e1rolni az ipari, orvosi, nyitott \u00e9s z\u00e1rt sug\u00e1rforr\u00e1sok mellett, az ioniz\u00e1ci\u00f3s f\u00fcst\u00e9rz\u00e9kel\u0151k izot\u00f3pjait is.<\/p>\t\t\t\t\t\t\t\t<\/div>\n\t\t\t\t<\/div>\n\t\t\t\t\t<\/div>\n\t\t<\/div>\n\t\t\t\t\t<\/div>\n\t\t<\/section>\n\t\t\t\t<\/div>\n\t\t","protected":false},"excerpt":{"rendered":"<p>Sug\u00e1rforr\u00e1sok, radioakt\u00edv anyagok t\u00e1rol\u00e1sa A KBFI-UNI\u00d3 Kft. tev\u00e9kenys\u00e9g\u00e9nek b\u0151v\u00edt\u00e9se \u00e9rdek\u00e9ben, illetve a t\u00e1rol\u00e1ssal kapcsolatos jogszab\u00e1lyok szigorod\u00e1s\u00e1b\u00f3l ad\u00f3d\u00f3 \u00faj ig\u00e9nyek alapj\u00e1n&nbsp; t\u00e1rol\u00f3helyeket \u00e9p\u00edtett ki, melyben megfelel\u0151 k\u00f6r\u00fclm\u00e9nyek k\u00f6z\u00f6tt k\u00e9pes t\u00e1rolni az ipari, orvosi, nyitott \u00e9s z\u00e1rt sug\u00e1rforr\u00e1sok mellett, az ioniz\u00e1ci\u00f3s f\u00fcst\u00e9rz\u00e9kel\u0151k izot\u00f3pjait is.<\/p>\n","protected":false},"author":1,"featured_media":0,"parent":0,"menu_order":0,"comment_status":"closed","ping_status":"closed","template":"","meta":{"footnotes":""},"class_list":["post-189","page","type-page","status-publish","hentry"],"_links":{"self":[{"href":"https:\/\/kbfiunio.hu\/index.php?rest_route=\/wp\/v2\/pages\/189","targetHints":{"allow":["GET"]}}],"collection":[{"href":"https:\/\/kbfiunio.hu\/index.php?rest_route=\/wp\/v2\/pages"}],"about":[{"href":"https:\/\/kbfiunio.hu\/index.php?rest_route=\/wp\/v2\/types\/page"}],"author":[{"embeddable":true,"href":"https:\/\/kbfiunio.hu\/index.php?rest_route=\/wp\/v2\/users\/1"}],"replies":[{"embeddable":true,"href":"https:\/\/kbfiunio.hu\/index.php?rest_route=%2Fwp%2Fv2%2Fcomments&post=189"}],"version-history":[{"count":10,"href":"https:\/\/kbfiunio.hu\/index.php?rest_route=\/wp\/v2\/pages\/189\/revisions"}],"predecessor-version":[{"id":352,"href":"https:\/\/kbfiunio.hu\/index.php?rest_route=\/wp\/v2\/pages\/189\/revisions\/352"}],"wp:attachment":[{"href":"https:\/\/kbfiunio.hu\/index.php?rest_route=%2Fwp%2Fv2%2Fmedia&parent=189"}],"curies":[{"name":"wp","href":"https:\/\/api.w.org\/{rel}","templated":true}]}}