{"id":194,"date":"2024-10-27T22:13:26","date_gmt":"2024-10-27T22:13:26","guid":{"rendered":"https:\/\/kbfiunio.hu\/?page_id=194"},"modified":"2024-11-09T12:55:41","modified_gmt":"2024-11-09T12:55:41","slug":"zart-sugarforrasok-ki-es-beszerelese-forro-fulkeben","status":"publish","type":"page","link":"https:\/\/kbfiunio.hu\/?page_id=194","title":{"rendered":"Z\u00e1rt sug\u00e1rforr\u00e1sok ki- \u00e9s beszerel\u00e9se forr\u00f3 f\u00fclk\u00e9ben"},"content":{"rendered":"\t\t<div data-elementor-type=\"wp-page\" data-elementor-id=\"194\" class=\"elementor elementor-194\" data-elementor-post-type=\"page\">\n\t\t\t\t\t\t<section class=\"elementor-section elementor-top-section elementor-element elementor-element-327608b4 elementor-section-boxed elementor-section-height-default elementor-section-height-default\" data-id=\"327608b4\" data-element_type=\"section\" data-e-type=\"section\" data-settings=\"{&quot;background_background&quot;:&quot;classic&quot;}\">\n\t\t\t\t\t\t<div class=\"elementor-container elementor-column-gap-wide\">\n\t\t\t\t\t<div class=\"elementor-column elementor-col-100 elementor-top-column elementor-element elementor-element-3cca0693\" data-id=\"3cca0693\" data-element_type=\"column\" data-e-type=\"column\">\n\t\t\t<div class=\"elementor-widget-wrap elementor-element-populated\">\n\t\t\t\t\t\t<div class=\"elementor-element elementor-element-7515115c elementor-widget elementor-widget-heading\" data-id=\"7515115c\" data-element_type=\"widget\" data-e-type=\"widget\" data-widget_type=\"heading.default\">\n\t\t\t\t<div class=\"elementor-widget-container\">\n\t\t\t\t\t<h3 class=\"elementor-heading-title elementor-size-default\">\nZ\u00e1rt sug\u00e1rforr\u00e1sok ki- \u00e9s beszerel\u00e9se forr\u00f3 f\u00fclk\u00e9ben\n\n<\/h3>\t\t\t\t<\/div>\n\t\t\t\t<\/div>\n\t\t\t\t<div class=\"elementor-element elementor-element-84fb20b elementor-widget elementor-widget-image\" data-id=\"84fb20b\" data-element_type=\"widget\" data-e-type=\"widget\" data-widget_type=\"image.default\">\n\t\t\t\t<div class=\"elementor-widget-container\">\n\t\t\t\t\t\t\t\t\t\t\t\t\t\t\t<img decoding=\"async\" width=\"240\" height=\"160\" src=\"https:\/\/kbfiunio.hu\/wp-content\/uploads\/2024\/11\/forrofulke_240x160.jpg\" class=\"attachment-large size-large wp-image-353\" alt=\"\" \/>\t\t\t\t\t\t\t\t\t\t\t\t\t\t\t<\/div>\n\t\t\t\t<\/div>\n\t\t\t\t<div class=\"elementor-element elementor-element-7713d805 elementor-widget elementor-widget-text-editor\" data-id=\"7713d805\" data-element_type=\"widget\" data-e-type=\"widget\" data-widget_type=\"text-editor.default\">\n\t\t\t\t<div class=\"elementor-widget-container\">\n\t\t\t\t\t\t\t\t\t<p>C\u00e9g\u00fcnk rendelkezik mindazon felt\u00e9telekkel, amelyek z\u00e1rt\u00a0 sug\u00e1rforr\u00e1sokkal t\u00f6rt\u00e9n\u0151 munkav\u00e9gz\u00e9shez sz\u00fcks\u00e9gesek.<\/p><p>V\u00e1llaljuk z\u00e1rt sug\u00e1rforr\u00e1sok (Ir<sup>192<\/sup>, Se<sup>75<\/sup>, Co<sup>60<\/sup>, Yb<sup>169<\/sup>, Tm<sup>171<\/sup>, Kr<sup>85<\/sup>, Cs<sup>137<\/sup>, Pm<sup>147<\/sup>, Am<sup>241<\/sup>, Am-Be, I<sup>125<\/sup> stb.) ki-beszerel\u00e9s\u00e9t sug\u00e1rforr\u00e1s tart\u00f3kb\u00f3l vagy defektoszk\u00f3pokb\u00f3l, u.n. &#8222;forr\u00f3 f\u00fclk\u00e9ben&#8221; manipul\u00e1torok seg\u00edts\u00e9g\u00e9vel.<\/p><p>Telephely\u00fcnk\u00f6n folyik a z\u00e1rt sug\u00e1rforr\u00e1sok v\u00e9gleges elhelyez\u00e9s\u00e9nek el\u0151k\u00e9sz\u00edt\u00e9se, illetve k\u00fcl\u00f6nb\u00f6z\u0151 kont\u00e9nerekben \u00e1tmeneti t\u00e1rol\u00e1sa.<\/p>\t\t\t\t\t\t\t\t<\/div>\n\t\t\t\t<\/div>\n\t\t\t\t\t<\/div>\n\t\t<\/div>\n\t\t\t\t\t<\/div>\n\t\t<\/section>\n\t\t\t\t<\/div>\n\t\t","protected":false},"excerpt":{"rendered":"<p>Z\u00e1rt sug\u00e1rforr\u00e1sok ki- \u00e9s beszerel\u00e9se forr\u00f3 f\u00fclk\u00e9ben C\u00e9g\u00fcnk rendelkezik mindazon felt\u00e9telekkel, amelyek z\u00e1rt\u00a0 sug\u00e1rforr\u00e1sokkal t\u00f6rt\u00e9n\u0151 munkav\u00e9gz\u00e9shez sz\u00fcks\u00e9gesek. V\u00e1llaljuk z\u00e1rt sug\u00e1rforr\u00e1sok (Ir192, Se75, Co60, Yb169, Tm171, Kr85, Cs137, Pm147, Am241, Am-Be, I125 stb.) ki-beszerel\u00e9s\u00e9t sug\u00e1rforr\u00e1s tart\u00f3kb\u00f3l vagy defektoszk\u00f3pokb\u00f3l, u.n. &#8222;forr\u00f3 f\u00fclk\u00e9ben&#8221; manipul\u00e1torok seg\u00edts\u00e9g\u00e9vel. Telephely\u00fcnk\u00f6n folyik a z\u00e1rt sug\u00e1rforr\u00e1sok v\u00e9gleges elhelyez\u00e9s\u00e9nek el\u0151k\u00e9sz\u00edt\u00e9se, illetve k\u00fcl\u00f6nb\u00f6z\u0151 kont\u00e9nerekben \u00e1tmeneti t\u00e1rol\u00e1sa.<\/p>\n","protected":false},"author":1,"featured_media":0,"parent":0,"menu_order":0,"comment_status":"closed","ping_status":"closed","template":"","meta":{"footnotes":""},"class_list":["post-194","page","type-page","status-publish","hentry"],"_links":{"self":[{"href":"https:\/\/kbfiunio.hu\/index.php?rest_route=\/wp\/v2\/pages\/194","targetHints":{"allow":["GET"]}}],"collection":[{"href":"https:\/\/kbfiunio.hu\/index.php?rest_route=\/wp\/v2\/pages"}],"about":[{"href":"https:\/\/kbfiunio.hu\/index.php?rest_route=\/wp\/v2\/types\/page"}],"author":[{"embeddable":true,"href":"https:\/\/kbfiunio.hu\/index.php?rest_route=\/wp\/v2\/users\/1"}],"replies":[{"embeddable":true,"href":"https:\/\/kbfiunio.hu\/index.php?rest_route=%2Fwp%2Fv2%2Fcomments&post=194"}],"version-history":[{"count":7,"href":"https:\/\/kbfiunio.hu\/index.php?rest_route=\/wp\/v2\/pages\/194\/revisions"}],"predecessor-version":[{"id":356,"href":"https:\/\/kbfiunio.hu\/index.php?rest_route=\/wp\/v2\/pages\/194\/revisions\/356"}],"wp:attachment":[{"href":"https:\/\/kbfiunio.hu\/index.php?rest_route=%2Fwp%2Fv2%2Fmedia&parent=194"}],"curies":[{"name":"wp","href":"https:\/\/api.w.org\/{rel}","templated":true}]}}