{"id":199,"date":"2024-10-27T22:15:26","date_gmt":"2024-10-27T22:15:26","guid":{"rendered":"https:\/\/kbfiunio.hu\/?page_id=199"},"modified":"2024-10-27T22:16:54","modified_gmt":"2024-10-27T22:16:54","slug":"radioaktiv-sugarzas-radioaktiv-szennyezettseg-merese","status":"publish","type":"page","link":"https:\/\/kbfiunio.hu\/?page_id=199","title":{"rendered":"Radioakt\u00edv sug\u00e1rz\u00e1s, radioakt\u00edv szennyezetts\u00e9g m\u00e9r\u00e9se"},"content":{"rendered":"\t\t<div data-elementor-type=\"wp-page\" data-elementor-id=\"199\" class=\"elementor elementor-199\" data-elementor-post-type=\"page\">\n\t\t\t\t\t\t<section class=\"elementor-section elementor-top-section elementor-element elementor-element-6429a3b0 elementor-section-boxed elementor-section-height-default elementor-section-height-default\" data-id=\"6429a3b0\" data-element_type=\"section\" data-e-type=\"section\" data-settings=\"{&quot;background_background&quot;:&quot;classic&quot;}\">\n\t\t\t\t\t\t<div class=\"elementor-container elementor-column-gap-wide\">\n\t\t\t\t\t<div class=\"elementor-column elementor-col-100 elementor-top-column elementor-element elementor-element-3017719f\" data-id=\"3017719f\" data-element_type=\"column\" data-e-type=\"column\">\n\t\t\t<div class=\"elementor-widget-wrap elementor-element-populated\">\n\t\t\t\t\t\t<div class=\"elementor-element elementor-element-3230b017 elementor-widget elementor-widget-heading\" data-id=\"3230b017\" data-element_type=\"widget\" data-e-type=\"widget\" data-widget_type=\"heading.default\">\n\t\t\t\t<div class=\"elementor-widget-container\">\n\t\t\t\t\t<h3 class=\"elementor-heading-title elementor-size-default\">\nRadioakt\u00edv sug\u00e1rz\u00e1s, radioakt\u00edv szennyezetts\u00e9g m\u00e9r\u00e9se\n\n<\/h3>\t\t\t\t<\/div>\n\t\t\t\t<\/div>\n\t\t\t\t<div class=\"elementor-element elementor-element-5623e07 elementor-widget elementor-widget-image\" data-id=\"5623e07\" data-element_type=\"widget\" data-e-type=\"widget\" data-widget_type=\"image.default\">\n\t\t\t\t<div class=\"elementor-widget-container\">\n\t\t\t\t\t\t\t\t\t\t\t\t\t\t\t<img fetchpriority=\"high\" decoding=\"async\" width=\"800\" height=\"448\" src=\"https:\/\/kbfiunio.hu\/wp-content\/uploads\/2024\/10\/radioaktiv322-1024x574.jpg\" class=\"attachment-large size-large wp-image-155\" alt=\"\" srcset=\"https:\/\/kbfiunio.hu\/wp-content\/uploads\/2024\/10\/radioaktiv322-1024x574.jpg 1024w, https:\/\/kbfiunio.hu\/wp-content\/uploads\/2024\/10\/radioaktiv322-300x168.jpg 300w, https:\/\/kbfiunio.hu\/wp-content\/uploads\/2024\/10\/radioaktiv322-768x431.jpg 768w, https:\/\/kbfiunio.hu\/wp-content\/uploads\/2024\/10\/radioaktiv322.jpg 1200w\" sizes=\"(max-width: 800px) 100vw, 800px\" \/>\t\t\t\t\t\t\t\t\t\t\t\t\t\t\t<\/div>\n\t\t\t\t<\/div>\n\t\t\t\t<div class=\"elementor-element elementor-element-6c91260c elementor-widget elementor-widget-text-editor\" data-id=\"6c91260c\" data-element_type=\"widget\" data-e-type=\"widget\" data-widget_type=\"text-editor.default\">\n\t\t\t\t<div class=\"elementor-widget-container\">\n\t\t\t\t\t\t\t\t\t<p>T\u00e1rsas\u00e1gunk a megn\u00f6vekedett ipari \u00e9s lakoss\u00e1gi ig\u00e9nyek alapj\u00e1n, tev\u00e9kenys\u00e9g\u00e9t a k\u00f6zelm\u00falban kiterjesztette radioakt\u00edv sug\u00e1rz\u00e1s, illetve radioakt\u00edv szenyezetts\u00e9g m\u00e9r\u00e9sre is. Joghat\u00e1ssal j\u00e1r\u00f3, hiteles\u00edtett m\u00e9r\u0151eszk\u00f6z\u00f6k \u00e1llnak rendelkez\u00e9sre a detekt\u00e1l\u00e1shoz, a k\u00fcl\u00f6nb\u00f6z\u0151 feladatok elv\u00e9gz\u00e9s\u00e9hez.<\/p><p>A KBFI-UNI\u00d3 Kft. a fentieken t\u00fal enged\u00e9llyel rendelkezik radioakt\u00edv hullad\u00e9kok kezel\u00e9s\u00e9re, illetve radioakt\u00edv szennyezetts\u00e9gt\u0151l val\u00f3 mentes\u00edt\u00e9sre is.<\/p>\t\t\t\t\t\t\t\t<\/div>\n\t\t\t\t<\/div>\n\t\t\t\t\t<\/div>\n\t\t<\/div>\n\t\t\t\t\t<\/div>\n\t\t<\/section>\n\t\t\t\t<\/div>\n\t\t","protected":false},"excerpt":{"rendered":"<p>Radioakt\u00edv sug\u00e1rz\u00e1s, radioakt\u00edv szennyezetts\u00e9g m\u00e9r\u00e9se T\u00e1rsas\u00e1gunk a megn\u00f6vekedett ipari \u00e9s lakoss\u00e1gi ig\u00e9nyek alapj\u00e1n, tev\u00e9kenys\u00e9g\u00e9t a k\u00f6zelm\u00falban kiterjesztette radioakt\u00edv sug\u00e1rz\u00e1s, illetve radioakt\u00edv szenyezetts\u00e9g m\u00e9r\u00e9sre is. Joghat\u00e1ssal j\u00e1r\u00f3, hiteles\u00edtett m\u00e9r\u0151eszk\u00f6z\u00f6k \u00e1llnak rendelkez\u00e9sre a detekt\u00e1l\u00e1shoz, a k\u00fcl\u00f6nb\u00f6z\u0151 feladatok elv\u00e9gz\u00e9s\u00e9hez. A KBFI-UNI\u00d3 Kft. a fentieken t\u00fal enged\u00e9llyel rendelkezik radioakt\u00edv hullad\u00e9kok kezel\u00e9s\u00e9re, illetve radioakt\u00edv szennyezetts\u00e9gt\u0151l val\u00f3 mentes\u00edt\u00e9sre is.<\/p>\n","protected":false},"author":1,"featured_media":0,"parent":0,"menu_order":0,"comment_status":"closed","ping_status":"closed","template":"","meta":{"footnotes":""},"class_list":["post-199","page","type-page","status-publish","hentry"],"_links":{"self":[{"href":"https:\/\/kbfiunio.hu\/index.php?rest_route=\/wp\/v2\/pages\/199","targetHints":{"allow":["GET"]}}],"collection":[{"href":"https:\/\/kbfiunio.hu\/index.php?rest_route=\/wp\/v2\/pages"}],"about":[{"href":"https:\/\/kbfiunio.hu\/index.php?rest_route=\/wp\/v2\/types\/page"}],"author":[{"embeddable":true,"href":"https:\/\/kbfiunio.hu\/index.php?rest_route=\/wp\/v2\/users\/1"}],"replies":[{"embeddable":true,"href":"https:\/\/kbfiunio.hu\/index.php?rest_route=%2Fwp%2Fv2%2Fcomments&post=199"}],"version-history":[{"count":4,"href":"https:\/\/kbfiunio.hu\/index.php?rest_route=\/wp\/v2\/pages\/199\/revisions"}],"predecessor-version":[{"id":203,"href":"https:\/\/kbfiunio.hu\/index.php?rest_route=\/wp\/v2\/pages\/199\/revisions\/203"}],"wp:attachment":[{"href":"https:\/\/kbfiunio.hu\/index.php?rest_route=%2Fwp%2Fv2%2Fmedia&parent=199"}],"curies":[{"name":"wp","href":"https:\/\/api.w.org\/{rel}","templated":true}]}}