{"id":209,"date":"2024-10-27T22:21:45","date_gmt":"2024-10-27T22:21:45","guid":{"rendered":"https:\/\/kbfiunio.hu\/?page_id=209"},"modified":"2024-11-09T12:27:14","modified_gmt":"2024-11-09T12:27:14","slug":"nyitott-radioaktiv-keszitmenyekkel-torteno-alkalmazasok-c-szintu-laboratoriumban","status":"publish","type":"page","link":"https:\/\/kbfiunio.hu\/?page_id=209","title":{"rendered":"Nyitott radioakt\u00edv k\u00e9sz\u00edtm\u00e9nyekkel t\u00f6rt\u00e9n\u0151 alkalmaz\u00e1sok C szint\u0171 laborat\u00f3riumban"},"content":{"rendered":"\t\t<div data-elementor-type=\"wp-page\" data-elementor-id=\"209\" class=\"elementor elementor-209\" data-elementor-post-type=\"page\">\n\t\t\t\t\t\t<section class=\"elementor-section elementor-top-section elementor-element elementor-element-40fd5797 elementor-section-boxed elementor-section-height-default elementor-section-height-default\" data-id=\"40fd5797\" data-element_type=\"section\" data-e-type=\"section\" data-settings=\"{&quot;background_background&quot;:&quot;classic&quot;}\">\n\t\t\t\t\t\t<div class=\"elementor-container elementor-column-gap-wide\">\n\t\t\t\t\t<div class=\"elementor-column elementor-col-100 elementor-top-column elementor-element elementor-element-7da6e372\" data-id=\"7da6e372\" data-element_type=\"column\" data-e-type=\"column\">\n\t\t\t<div class=\"elementor-widget-wrap elementor-element-populated\">\n\t\t\t\t\t\t<div class=\"elementor-element elementor-element-2d6330a0 elementor-widget elementor-widget-heading\" data-id=\"2d6330a0\" data-element_type=\"widget\" data-e-type=\"widget\" data-widget_type=\"heading.default\">\n\t\t\t\t<div class=\"elementor-widget-container\">\n\t\t\t\t\t<h3 class=\"elementor-heading-title elementor-size-default\">\nNyitott radioakt\u00edv k\u00e9sz\u00edtm\u00e9nyekkel t\u00f6rt\u00e9n\u0151 alkalmaz\u00e1sok C szint\u0171 laborat\u00f3riumban\n\n<\/h3>\t\t\t\t<\/div>\n\t\t\t\t<\/div>\n\t\t\t\t<div class=\"elementor-element elementor-element-e2d1778 elementor-widget elementor-widget-image\" data-id=\"e2d1778\" data-element_type=\"widget\" data-e-type=\"widget\" data-widget_type=\"image.default\">\n\t\t\t\t<div class=\"elementor-widget-container\">\n\t\t\t\t\t\t\t\t\t\t\t\t\t\t\t<img fetchpriority=\"high\" decoding=\"async\" width=\"800\" height=\"448\" src=\"https:\/\/kbfiunio.hu\/wp-content\/uploads\/2024\/10\/radioaktiv7-1024x574.jpg\" class=\"attachment-large size-large wp-image-161\" alt=\"\" srcset=\"https:\/\/kbfiunio.hu\/wp-content\/uploads\/2024\/10\/radioaktiv7-1024x574.jpg 1024w, https:\/\/kbfiunio.hu\/wp-content\/uploads\/2024\/10\/radioaktiv7-300x168.jpg 300w, https:\/\/kbfiunio.hu\/wp-content\/uploads\/2024\/10\/radioaktiv7-768x431.jpg 768w, https:\/\/kbfiunio.hu\/wp-content\/uploads\/2024\/10\/radioaktiv7.jpg 1200w\" sizes=\"(max-width: 800px) 100vw, 800px\" \/>\t\t\t\t\t\t\t\t\t\t\t\t\t\t\t<\/div>\n\t\t\t\t<\/div>\n\t\t\t\t<div class=\"elementor-element elementor-element-6ee8dd1c elementor-widget elementor-widget-text-editor\" data-id=\"6ee8dd1c\" data-element_type=\"widget\" data-e-type=\"widget\" data-widget_type=\"text-editor.default\">\n\t\t\t\t<div class=\"elementor-widget-container\">\n\t\t\t\t\t\t\t\t\t<p>&nbsp;A KBFI-UNI\u00d3 Kft. \u00e9let\u00e9ben nagy el\u0151rel\u00e9p\u00e9st jelent, hogy 2012. \u00e9vben \u00faj l\u00e9tes\u00edtm\u00e9nyk\u00e9nt meg\u00e9p\u00edtett az MSZ 62-7 szerint egy C szint\u0171 izot\u00f3plaborat\u00f3riumot. A laborat\u00f3rium lehet\u0151v\u00e9 teszi, nyitott radioakt\u00edv k\u00e9sz\u00edtm\u00e9nyekkel t\u00f6rt\u00e9n\u0151 alkalmaz\u00e1sokat. A l\u00e9tes\u00edtm\u00e9nynek k\u00f6sz\u00f6nhet\u0151en, c\u00e9g\u00fcnk v\u00e1llalni tudja orvosi, gy\u00f3gy\u00e1szati k\u00e9sz\u00edtm\u00e9nyek t\u00e1rol\u00e1s\u00e1t, csomagol\u00e1s\u00e1t is. A laborat\u00f3riumban k\u00e9pesek vagyunk ioniz\u00e1ci\u00f3s f\u00fcst\u00e9rz\u00e9kel\u0151k sz\u00e9t- illetve \u00f6sszeszerel\u00e9s\u00e9re, az abban tal\u00e1lhat\u00f3 sug\u00e1rforr\u00e1sok kezel\u00e9s\u00e9re, t\u00e1rol\u00e1s\u00e1ra, v\u00e9gleges elhelyez\u00e9s\u00e9re.<\/p>\t\t\t\t\t\t\t\t<\/div>\n\t\t\t\t<\/div>\n\t\t\t\t\t<\/div>\n\t\t<\/div>\n\t\t\t\t\t<\/div>\n\t\t<\/section>\n\t\t\t\t<\/div>\n\t\t","protected":false},"excerpt":{"rendered":"<p>Nyitott radioakt\u00edv k\u00e9sz\u00edtm\u00e9nyekkel t\u00f6rt\u00e9n\u0151 alkalmaz\u00e1sok C szint\u0171 laborat\u00f3riumban &nbsp;A KBFI-UNI\u00d3 Kft. \u00e9let\u00e9ben nagy el\u0151rel\u00e9p\u00e9st jelent, hogy 2012. \u00e9vben \u00faj l\u00e9tes\u00edtm\u00e9nyk\u00e9nt meg\u00e9p\u00edtett az MSZ 62-7 szerint egy C szint\u0171 izot\u00f3plaborat\u00f3riumot. A laborat\u00f3rium lehet\u0151v\u00e9 teszi, nyitott radioakt\u00edv k\u00e9sz\u00edtm\u00e9nyekkel t\u00f6rt\u00e9n\u0151 alkalmaz\u00e1sokat. A l\u00e9tes\u00edtm\u00e9nynek k\u00f6sz\u00f6nhet\u0151en, c\u00e9g\u00fcnk v\u00e1llalni tudja orvosi, gy\u00f3gy\u00e1szati k\u00e9sz\u00edtm\u00e9nyek t\u00e1rol\u00e1s\u00e1t, csomagol\u00e1s\u00e1t is. A laborat\u00f3riumban k\u00e9pesek vagyunk ioniz\u00e1ci\u00f3s [&hellip;]<\/p>\n","protected":false},"author":1,"featured_media":0,"parent":0,"menu_order":0,"comment_status":"closed","ping_status":"closed","template":"","meta":{"footnotes":""},"class_list":["post-209","page","type-page","status-publish","hentry"],"_links":{"self":[{"href":"https:\/\/kbfiunio.hu\/index.php?rest_route=\/wp\/v2\/pages\/209","targetHints":{"allow":["GET"]}}],"collection":[{"href":"https:\/\/kbfiunio.hu\/index.php?rest_route=\/wp\/v2\/pages"}],"about":[{"href":"https:\/\/kbfiunio.hu\/index.php?rest_route=\/wp\/v2\/types\/page"}],"author":[{"embeddable":true,"href":"https:\/\/kbfiunio.hu\/index.php?rest_route=\/wp\/v2\/users\/1"}],"replies":[{"embeddable":true,"href":"https:\/\/kbfiunio.hu\/index.php?rest_route=%2Fwp%2Fv2%2Fcomments&post=209"}],"version-history":[{"count":10,"href":"https:\/\/kbfiunio.hu\/index.php?rest_route=\/wp\/v2\/pages\/209\/revisions"}],"predecessor-version":[{"id":338,"href":"https:\/\/kbfiunio.hu\/index.php?rest_route=\/wp\/v2\/pages\/209\/revisions\/338"}],"wp:attachment":[{"href":"https:\/\/kbfiunio.hu\/index.php?rest_route=%2Fwp%2Fv2%2Fmedia&parent=209"}],"curies":[{"name":"wp","href":"https:\/\/api.w.org\/{rel}","templated":true}]}}