{"id":223,"date":"2024-10-27T22:29:06","date_gmt":"2024-10-27T22:29:06","guid":{"rendered":"https:\/\/kbfiunio.hu\/?page_id=223"},"modified":"2024-10-27T22:36:45","modified_gmt":"2024-10-27T22:36:45","slug":"referenciak","status":"publish","type":"page","link":"https:\/\/kbfiunio.hu\/?page_id=223","title":{"rendered":"Referenci\u00e1k"},"content":{"rendered":"\t\t<div data-elementor-type=\"wp-page\" data-elementor-id=\"223\" class=\"elementor elementor-223\" data-elementor-post-type=\"page\">\n\t\t\t\t\t\t<section class=\"elementor-section elementor-top-section elementor-element elementor-element-9be4456 elementor-section-boxed elementor-section-height-default elementor-section-height-default\" data-id=\"9be4456\" data-element_type=\"section\" data-e-type=\"section\" data-settings=\"{&quot;background_background&quot;:&quot;classic&quot;}\">\n\t\t\t\t\t\t<div class=\"elementor-container elementor-column-gap-wide\">\n\t\t\t\t\t<div class=\"elementor-column elementor-col-100 elementor-top-column elementor-element elementor-element-3891f85d\" data-id=\"3891f85d\" data-element_type=\"column\" data-e-type=\"column\">\n\t\t\t<div class=\"elementor-widget-wrap elementor-element-populated\">\n\t\t\t\t\t\t<div class=\"elementor-element elementor-element-4f09d45f elementor-widget elementor-widget-heading\" data-id=\"4f09d45f\" data-element_type=\"widget\" data-e-type=\"widget\" data-widget_type=\"heading.default\">\n\t\t\t\t<div class=\"elementor-widget-container\">\n\t\t\t\t\t<h3 class=\"elementor-heading-title elementor-size-default\">Referenci\u00e1k\n<\/h3>\t\t\t\t<\/div>\n\t\t\t\t<\/div>\n\t\t\t\t<div class=\"elementor-element elementor-element-73e17991 elementor-widget elementor-widget-text-editor\" data-id=\"73e17991\" data-element_type=\"widget\" data-e-type=\"widget\" data-widget_type=\"text-editor.default\">\n\t\t\t\t<div class=\"elementor-widget-container\">\n\t\t\t\t\t\t\t\t\t<div class=\"content\"><div class=\"field field-name-body field-type-text-with-summary field-label-hidden\"><div class=\"field-items\"><div class=\"field-item even\"><p>Referenci\u00e1ink mind az iparban mind az orvosi alkalmaz\u00e1sok k\u00f6r\u00e9ben megtal\u00e1lhat\u00f3ak. N\u00e9h\u00e1ny partner\u00fcnk a teljess\u00e9g n\u00e9lk\u00fcl:<\/p><p>MOL Petrolk\u00e9mia Zrt. Tisza\u00fajv\u00e1ros,<\/p><p>MOL Dunai Finom\u00edt\u00f3 Nyrt. Sz\u00e1zhalombatta,<\/p><p>Borsodchem Zrt. Kazincbarcika,<\/p><p>MVM Paksi Atomer\u0151m\u0171 Zrt,<\/p><p>Green Sound Plusz Kft.<\/p><p>MIR Kft.<\/p><\/div><\/div><\/div><\/div>\t\t\t\t\t\t\t\t<\/div>\n\t\t\t\t<\/div>\n\t\t\t\t\t<\/div>\n\t\t<\/div>\n\t\t\t\t\t<\/div>\n\t\t<\/section>\n\t\t\t\t<\/div>\n\t\t","protected":false},"excerpt":{"rendered":"<p>Referenci\u00e1k Referenci\u00e1ink mind az iparban mind az orvosi alkalmaz\u00e1sok k\u00f6r\u00e9ben megtal\u00e1lhat\u00f3ak. N\u00e9h\u00e1ny partner\u00fcnk a teljess\u00e9g n\u00e9lk\u00fcl: MOL Petrolk\u00e9mia Zrt. Tisza\u00fajv\u00e1ros, MOL Dunai Finom\u00edt\u00f3 Nyrt. Sz\u00e1zhalombatta, Borsodchem Zrt. Kazincbarcika, MVM Paksi Atomer\u0151m\u0171 Zrt, Green Sound Plusz Kft. MIR Kft.<\/p>\n","protected":false},"author":1,"featured_media":0,"parent":0,"menu_order":0,"comment_status":"closed","ping_status":"closed","template":"","meta":{"footnotes":""},"class_list":["post-223","page","type-page","status-publish","hentry"],"_links":{"self":[{"href":"https:\/\/kbfiunio.hu\/index.php?rest_route=\/wp\/v2\/pages\/223","targetHints":{"allow":["GET"]}}],"collection":[{"href":"https:\/\/kbfiunio.hu\/index.php?rest_route=\/wp\/v2\/pages"}],"about":[{"href":"https:\/\/kbfiunio.hu\/index.php?rest_route=\/wp\/v2\/types\/page"}],"author":[{"embeddable":true,"href":"https:\/\/kbfiunio.hu\/index.php?rest_route=\/wp\/v2\/users\/1"}],"replies":[{"embeddable":true,"href":"https:\/\/kbfiunio.hu\/index.php?rest_route=%2Fwp%2Fv2%2Fcomments&post=223"}],"version-history":[{"count":4,"href":"https:\/\/kbfiunio.hu\/index.php?rest_route=\/wp\/v2\/pages\/223\/revisions"}],"predecessor-version":[{"id":227,"href":"https:\/\/kbfiunio.hu\/index.php?rest_route=\/wp\/v2\/pages\/223\/revisions\/227"}],"wp:attachment":[{"href":"https:\/\/kbfiunio.hu\/index.php?rest_route=%2Fwp%2Fv2%2Fmedia&parent=223"}],"curies":[{"name":"wp","href":"https:\/\/api.w.org\/{rel}","templated":true}]}}