{"id":248,"date":"2024-10-27T23:21:13","date_gmt":"2024-10-27T23:21:13","guid":{"rendered":"https:\/\/kbfiunio.hu\/?page_id=248"},"modified":"2024-11-09T12:26:08","modified_gmt":"2024-11-09T12:26:08","slug":"sugarzasmerok-jelzok","status":"publish","type":"page","link":"https:\/\/kbfiunio.hu\/?page_id=248","title":{"rendered":"Sug\u00e1rz\u00e1sm\u00e9r\u0151k, jelz\u0151k"},"content":{"rendered":"\t\t<div data-elementor-type=\"wp-page\" data-elementor-id=\"248\" class=\"elementor elementor-248\" data-elementor-post-type=\"page\">\n\t\t\t\t\t\t<section class=\"elementor-section elementor-top-section elementor-element elementor-element-1d3fa11b elementor-section-boxed elementor-section-height-default elementor-section-height-default\" data-id=\"1d3fa11b\" data-element_type=\"section\" data-e-type=\"section\" data-settings=\"{&quot;background_background&quot;:&quot;classic&quot;}\">\n\t\t\t\t\t\t<div class=\"elementor-container elementor-column-gap-wide\">\n\t\t\t\t\t<div class=\"elementor-column elementor-col-100 elementor-top-column elementor-element elementor-element-732597dd\" data-id=\"732597dd\" data-element_type=\"column\" data-e-type=\"column\">\n\t\t\t<div class=\"elementor-widget-wrap elementor-element-populated\">\n\t\t\t\t\t\t<div class=\"elementor-element elementor-element-4eda29cc elementor-widget elementor-widget-heading\" data-id=\"4eda29cc\" data-element_type=\"widget\" data-e-type=\"widget\" data-widget_type=\"heading.default\">\n\t\t\t\t<div class=\"elementor-widget-container\">\n\t\t\t\t\t<h3 class=\"elementor-heading-title elementor-size-default\">\nSug\u00e1rz\u00e1sm\u00e9r\u0151k, jelz\u0151k\n\n<\/h3>\t\t\t\t<\/div>\n\t\t\t\t<\/div>\n\t\t\t\t<div class=\"elementor-element elementor-element-a400972 elementor-position-left elementor-vertical-align-top elementor-widget elementor-widget-image-box\" data-id=\"a400972\" data-element_type=\"widget\" data-e-type=\"widget\" data-widget_type=\"image-box.default\">\n\t\t\t\t<div class=\"elementor-widget-container\">\n\t\t\t\t\t<div class=\"elementor-image-box-wrapper\"><figure class=\"elementor-image-box-img\"><img fetchpriority=\"high\" decoding=\"async\" width=\"331\" height=\"248\" src=\"https:\/\/kbfiunio.hu\/wp-content\/uploads\/2024\/10\/marketing_2005_febr_004.jpg\" class=\"attachment-full size-full wp-image-255\" alt=\"marketing_2005_febr_004\" srcset=\"https:\/\/kbfiunio.hu\/wp-content\/uploads\/2024\/10\/marketing_2005_febr_004.jpg 331w, https:\/\/kbfiunio.hu\/wp-content\/uploads\/2024\/10\/marketing_2005_febr_004-300x225.jpg 300w\" sizes=\"(max-width: 331px) 100vw, 331px\" \/><\/figure><div class=\"elementor-image-box-content\"><h3 class=\"elementor-image-box-title\"> DM-01 sug\u00e1rz\u00e1sm\u00e9r\u0151<\/h3><p class=\"elementor-image-box-description\">Gy\u00e1rt\u00f3:\tKBFI-UNI\u00d3 Kft. |\nM\u00e9r\u00e9si tartom\u00e1ny:\t1\u00b5Sv\/h-10mSv\/h |\nEnergia tartom\u00e1ny:\t0,05-1,5 MeV |\nM\u00e9ret:\t120x75x35 mm |\nT\u00f6meg:\t200 g |\nT\u00e1pfesz\u00fclts\u00e9g:\t9 V-os 6 F 22 G |\nM\u0171k\u00f6d\u00e9si id\u0151:\t100 \u00f3ra |\nH\u0151m\u00e9rs\u00e9klet tartom\u00e1ny:\t-5C\u00b0 - +50C\u00b0<\/p><\/div><\/div>\t\t\t\t<\/div>\n\t\t\t\t<\/div>\n\t\t\t\t<div class=\"elementor-element elementor-element-605b3e4 elementor-widget elementor-widget-text-editor\" data-id=\"605b3e4\" data-element_type=\"widget\" data-e-type=\"widget\" data-widget_type=\"text-editor.default\">\n\t\t\t\t<div class=\"elementor-widget-container\">\n\t\t\t\t\t\t\t\t\t<p>A DM-01 t\u00edpus\u00fa sug\u00e1rz\u00e1sm\u00e9r\u0151 kism\u00e9ret\u0171, hordozhat\u00f3 k\u00e9zi m\u0171szer, amely r\u00f6ntgen, illetve gamma sug\u00e1rz\u00e1s m\u00e9r\u00e9s\u00e9re szolg\u00e1l. Felhaszn\u00e1l\u00e1si ter\u00fclete minden olyan sug\u00e1rvesz\u00e9lyes munkahely, ahol r\u00f6ntgen vagy gammasug\u00e1rz\u00e1s fell\u00e9phet. El\u0151nye m\u00e1s m\u0171szerekkel szemben, hogy elnyelt d\u00f3zist is regisztr\u00e1l.<\/p>\t\t\t\t\t\t\t\t<\/div>\n\t\t\t\t<\/div>\n\t\t\t\t<div class=\"elementor-element elementor-element-9248a2e elementor-position-left elementor-vertical-align-top elementor-widget elementor-widget-image-box\" data-id=\"9248a2e\" data-element_type=\"widget\" data-e-type=\"widget\" data-widget_type=\"image-box.default\">\n\t\t\t\t<div class=\"elementor-widget-container\">\n\t\t\t\t\t<div class=\"elementor-image-box-wrapper\"><figure class=\"elementor-image-box-img\"><img decoding=\"async\" width=\"186\" height=\"248\" src=\"https:\/\/kbfiunio.hu\/wp-content\/uploads\/2024\/10\/pdl-1_sugarzasmero.jpg\" class=\"attachment-full size-full wp-image-250\" alt=\"pdl-1_sugarzasmero\" \/><\/figure><div class=\"elementor-image-box-content\"><h3 class=\"elementor-image-box-title\"> PDL-1 sug\u00e1rz\u00e1sm\u00e9r\u0151<\/h3><p class=\"elementor-image-box-description\">Gy\u00e1rt\u00f3:\tKBFI-UNI\u00d3 Kft. |\n\u00c9rz\u00e9kenys\u00e9g gamma sug\u00e1rz\u00e1sra:\t1\u00b5Sv\/h-10mSv\/h |\nEnergia tartom\u00e1ny:\t0,05-1,5 MeV |\nT\u00e1pfesz\u00fclts\u00e9g:\t9 V-os elem |\nM\u00e9rete:\t100x65x24 mm |\nT\u00f6mege:\t150 g |\nBor\u00edt\u00e1sa:\tM\u0171anyag<\/p><\/div><\/div>\t\t\t\t<\/div>\n\t\t\t\t<\/div>\n\t\t\t\t<div class=\"elementor-element elementor-element-4b587abd elementor-widget elementor-widget-text-editor\" data-id=\"4b587abd\" data-element_type=\"widget\" data-e-type=\"widget\" data-widget_type=\"text-editor.default\">\n\t\t\t\t<div class=\"elementor-widget-container\">\n\t\t\t\t\t\t\t\t\t<p>R\u00f6ntgen vagy izot\u00f3pos munkahelyeken dolgoz\u00f3k egy\u00e9ni sug\u00e1rv\u00e9delm\u00e9t szolg\u00e1lja figyelmeztet\u0151 hangad\u00e1ssal.<\/p><p>A d\u00f3zisszintjelz\u0151 Geiger-M\u00fcller sz\u00e1ml\u00e1l\u00f3cs\u0151vel \u00e9rz\u00e9keli a sug\u00e1rz\u00e1st \u00e9s intenzit\u00e1s\u00e1nak megfelel\u0151 s\u0171r\u0171s\u00e9ggel a k\u00e9sz\u00fcl\u00e9k visel\u0151je r\u00e9sz\u00e9re j\u00f3l \u00e9rz\u00e9kelhet\u0151 figyelmeztet\u0151 hangjelz\u00e9st ad. Az akusztikai jelz\u00e9s gyakoris\u00e1g\u00e1b\u00f3l megbecs\u00fclhet\u0151 a d\u00f3zist\u00e9r n\u00f6veked\u00e9se vagy cs\u00f6kken\u00e9se. Ez k\u00fcl\u00f6n\u00f6sen olyan helyen fontos, ahol a k\u00e9sz\u00fcl\u00e9k haszn\u00e1l\u00f3ja elfoglalts\u00e1ga k\u00f6zben nem tud folyamatosan sug\u00e1rz\u00e1sm\u00e9r\u0151 m\u0171szert figyelni, de az \u00e9szlelt jelz\u00e9sb\u0151l t\u00e1j\u00e9koz\u00f3dhat az esetleg v\u00e1ltoz\u00f3 sug\u00e1rz\u00e1si t\u00e9r nagys\u00e1g\u00e1r\u00f3l. A sug\u00e1rz\u00e1sm\u00e9r\u0151 kijelz\u0151j\u00e9n az aktu\u00e1lis d\u00f3ziteljes\u00edtm\u00e9ny mellett az \u00f6sszes \u00e9s napi elnyelt d\u00f3zis is megjelen\u00edthet\u0151 \u00e9s kiolvashat\u00f3. A riaszt\u00e1si szintek a felhaszn\u00e1l\u00f3 ig\u00e9nyei alapj\u00e1n m\u00f3dos\u00edthat\u00f3ak.<\/p>\t\t\t\t\t\t\t\t<\/div>\n\t\t\t\t<\/div>\n\t\t\t\t<div class=\"elementor-element elementor-element-c745e05 elementor-position-left elementor-vertical-align-top elementor-widget elementor-widget-image-box\" data-id=\"c745e05\" data-element_type=\"widget\" data-e-type=\"widget\" data-widget_type=\"image-box.default\">\n\t\t\t\t<div class=\"elementor-widget-container\">\n\t\t\t\t\t<div class=\"elementor-image-box-wrapper\"><figure class=\"elementor-image-box-img\"><img decoding=\"async\" width=\"184\" height=\"246\" src=\"https:\/\/kbfiunio.hu\/wp-content\/uploads\/2024\/10\/dszje.jpg\" class=\"attachment-full size-full wp-image-253\" alt=\"dszje\" \/><\/figure><div class=\"elementor-image-box-content\"><h3 class=\"elementor-image-box-title\"> DSZJ-E d\u00f3zisszintjelz\u0151<\/h3><p class=\"elementor-image-box-description\">Gy\u00e1rt\u00f3:\tKBFI-UNI\u00d3 Kft. |\nM\u0171k\u00f6d\u00e9si tartom\u00e1ny:\tA h\u00e1tt\u00e9r sug\u00e1rz\u00e1st\u00f3l 10 mSv\/h-ig |\nEnergia tartom\u00e1ny:\t0,05-1,5 MeV |\nM\u00e9retek:\t73x43x18 mm |\nTelep:\t1 db V23GA telep |\nM\u0171k\u00f6d\u00e9si id\u0151 (egy teleppel):\t100 \u00f3ra |\nH\u0151m\u00e9rs\u00e9klet tartom\u00e1ny:\t-20C\u00b0 - +50C\u00b0 |\nT\u00f6mege teleppel:\t50 g<\/p><\/div><\/div>\t\t\t\t<\/div>\n\t\t\t\t<\/div>\n\t\t\t\t<div class=\"elementor-element elementor-element-c513da3 elementor-widget elementor-widget-text-editor\" data-id=\"c513da3\" data-element_type=\"widget\" data-e-type=\"widget\" data-widget_type=\"text-editor.default\">\n\t\t\t\t<div class=\"elementor-widget-container\">\n\t\t\t\t\t\t\t\t\tTapasztalatok szerint az \u00fczemeltetett k\u00e9sz\u00fcl\u00e9kek igen j\u00f3 eredm\u00e9nnyel m\u0171k\u00f6dnek a k\u00fcl\u00f6nb\u00f6z\u0151 felhaszn\u00e1l\u00e1si ter\u00fcleteken, jelent\u0151s biztons\u00e1got ny\u00fajtva a gamma \u00e9s r\u00f6ntgen sug\u00e1rz\u00f3 berendez\u00e9sekkel dolgoz\u00f3 szem\u00e9lyeknek.\t\t\t\t\t\t\t\t<\/div>\n\t\t\t\t<\/div>\n\t\t\t\t<div class=\"elementor-element elementor-element-92e326a elementor-position-left elementor-vertical-align-top elementor-widget elementor-widget-image-box\" data-id=\"92e326a\" data-element_type=\"widget\" data-e-type=\"widget\" data-widget_type=\"image-box.default\">\n\t\t\t\t<div class=\"elementor-widget-container\">\n\t\t\t\t\t<div class=\"elementor-image-box-wrapper\"><figure class=\"elementor-image-box-img\"><img loading=\"lazy\" decoding=\"async\" width=\"184\" height=\"246\" src=\"https:\/\/kbfiunio.hu\/wp-content\/uploads\/2024\/10\/dszjf.jpg\" class=\"attachment-full size-full wp-image-252\" alt=\"\" \/><\/figure><div class=\"elementor-image-box-content\"><h3 class=\"elementor-image-box-title\"> DSZJ-F d\u00f3zisszintjelz\u0151<\/h3><p class=\"elementor-image-box-description\">Gy\u00e1rt\u00f3:\tKBFI-UNI\u00d3 Kft. |\nM\u0171k\u00f6d\u00e9si tartom\u00e1ny:\tA h\u00e1tt\u00e9r sug\u00e1rz\u00e1st\u00f3l 10 mSv\/h-ig |\nEnergia tartom\u00e1ny:\t0,05-1,5 MeV |\nTelep:\t1 db 6AM6 E-Block telep |\nM\u00e9retek:\t80x60x20 mm |\nT\u00f6mege teleppel:\t96 g |\nH\u0151m\u00e9rs\u00e9klet tartom\u00e1ny:\t-20C\u00b0 - +50C\u00b0 |\nM\u0171k\u00f6d\u00e9si id\u0151 (egy teleppel):\t400 \u00f3ra<\/p><\/div><\/div>\t\t\t\t<\/div>\n\t\t\t\t<\/div>\n\t\t\t\t<div class=\"elementor-element elementor-element-8c20318 elementor-widget elementor-widget-text-editor\" data-id=\"8c20318\" data-element_type=\"widget\" data-e-type=\"widget\" data-widget_type=\"text-editor.default\">\n\t\t\t\t<div class=\"elementor-widget-container\">\n\t\t\t\t\t\t\t\t\tAz univerz\u00e1lis sug\u00e1rz\u00e1sjelz\u0151 k\u00e9sz\u00fcl\u00e9k gamma, vagy r\u00f6ntgen sug\u00e1rz\u00e1s v\u00e1ltoz\u00e1sakor figyelmeztet\u0151 \u00e9s riaszt\u00f3 jelz\u00e9s ad\u00e1s\u00e1ra szolg\u00e1l. Alkalmas szintjelz\u00e9si \u00e9s vez\u00e9rl\u00e9si feladatok ell\u00e1t\u00e1s\u00e1ra illetve egy\u00e9b radioakt\u00edv sug\u00e1rz\u00e1ssal kapcsolatos m\u00e9r\u00e9si c\u00e9lra.\n\t\t\t\t\t\t\t\t<\/div>\n\t\t\t\t<\/div>\n\t\t\t\t<div class=\"elementor-element elementor-element-773efff elementor-position-left elementor-vertical-align-top elementor-widget elementor-widget-image-box\" data-id=\"773efff\" data-element_type=\"widget\" data-e-type=\"widget\" data-widget_type=\"image-box.default\">\n\t\t\t\t<div class=\"elementor-widget-container\">\n\t\t\t\t\t<div class=\"elementor-image-box-wrapper\"><figure class=\"elementor-image-box-img\"><img loading=\"lazy\" decoding=\"async\" width=\"186\" height=\"248\" src=\"https:\/\/kbfiunio.hu\/wp-content\/uploads\/2024\/10\/sllampa.jpg\" class=\"attachment-full size-full wp-image-254\" alt=\"\" \/><\/figure><div class=\"elementor-image-box-content\"><h3 class=\"elementor-image-box-title\"> SL-01 sug\u00e1rz\u00e1sjelz\u0151 l\u00e1mpa<\/h3><p class=\"elementor-image-box-description\">Gy\u00e1rt\u00f3:\tKBFI-UNI\u00d3 Kft. |\n\u00c9rz\u00e9kenys\u00e9g gamma sug\u00e1rz\u00e1sra:\t1\u00b5Sv\/h-10mSv\/h |\nEnergia tartom\u00e1ny:\t0,05-1,5 MeV |\nT\u00e1pfesz\u00fclts\u00e9g:\t12 V 1,2 Ah-s akkumul\u00e1tor |\nM\u00e9rete:\t\u00d8120x220 mm |\nT\u00f6mege:\t1,2 kg |\nHangnyom\u00e1s:\t75 dB |\nM\u0171k\u00f6d\u00e9si id\u0151:\t50 \u00f3ra<\/p><\/div><\/div>\t\t\t\t<\/div>\n\t\t\t\t<\/div>\n\t\t\t\t<div class=\"elementor-element elementor-element-63c6816 elementor-widget elementor-widget-text-editor\" data-id=\"63c6816\" data-element_type=\"widget\" data-e-type=\"widget\" data-widget_type=\"text-editor.default\">\n\t\t\t\t<div class=\"elementor-widget-container\">\n\t\t\t\t\t\t\t\t\tRadioaktiv gamma \u00e9s r\u00f6ntgen sug\u00e1rz\u00e1s jelz\u00e9s\u00e9re illetve figyelmeztet\u00e9sre alkalmazhat\u00f3, az el\u0151\u00edrt d\u00f3zishat\u00e1rok betart\u00e1sa \u00e9rdek\u00e9ben. A munkater\u00fclet, vagy egy\u00e9b sug\u00e1rvesz\u00e9lyes z\u00f3na lez\u00e1r\u00e1s\u00e1t kieg\u00e9sz\u00edt\u0151 eszk\u00f6z. Rendelhet\u0151 cs\u0151re tehet\u0151 kivitelben is.\t\t\t\t\t\t\t\t<\/div>\n\t\t\t\t<\/div>\n\t\t\t\t<div class=\"elementor-element elementor-element-bf3f0d9 elementor-position-left elementor-vertical-align-top elementor-widget elementor-widget-image-box\" data-id=\"bf3f0d9\" data-element_type=\"widget\" data-e-type=\"widget\" data-widget_type=\"image-box.default\">\n\t\t\t\t<div class=\"elementor-widget-container\">\n\t\t\t\t\t<div class=\"elementor-image-box-wrapper\"><figure class=\"elementor-image-box-img\"><img loading=\"lazy\" decoding=\"async\" width=\"331\" height=\"248\" src=\"https:\/\/kbfiunio.hu\/wp-content\/uploads\/2024\/10\/gs21.jpg\" class=\"attachment-full size-full wp-image-251\" alt=\"gs21\" srcset=\"https:\/\/kbfiunio.hu\/wp-content\/uploads\/2024\/10\/gs21.jpg 331w, https:\/\/kbfiunio.hu\/wp-content\/uploads\/2024\/10\/gs21-300x225.jpg 300w\" sizes=\"(max-width: 331px) 100vw, 331px\" \/><\/figure><div class=\"elementor-image-box-content\"><h3 class=\"elementor-image-box-title\"> GS-21 sug\u00e1rz\u00e1sjelz\u0151 k\u00e9sz\u00fcl\u00e9k<\/h3><p class=\"elementor-image-box-description\">Gy\u00e1rt\u00f3:\tKBFI-UNI\u00d3 Kft. |\nDetektor m\u00e9rete:\t\u00d8 60 mm x 260 mm |\nM\u0171anyagh\u00e1z m\u00e9rete:\t170x250x120 mm |\nT\u00f6meg:\t1,5 kg |\nM\u00e9r\u00e9si tartom\u00e1ny:\t2 \u00b5Sv\/h - 100 \u00b5Sv\/h |\nT\u00e1pfesz\u00fclts\u00e9g:\t230 V Ac 50Hz |\nH\u0151m\u00e9rs\u00e9klet tartom\u00e1ny:\t-10C\u00b0 \u00e9s +40C\u00b0 k\u00f6z\u00f6tt |<\/p><\/div><\/div>\t\t\t\t<\/div>\n\t\t\t\t<\/div>\n\t\t\t\t<div class=\"elementor-element elementor-element-8d2d694 elementor-widget elementor-widget-text-editor\" data-id=\"8d2d694\" data-element_type=\"widget\" data-e-type=\"widget\" data-widget_type=\"text-editor.default\">\n\t\t\t\t<div class=\"elementor-widget-container\">\n\t\t\t\t\t\t\t\t\tAz univerz\u00e1lis sug\u00e1rz\u00e1sjelz\u0151 k\u00e9sz\u00fcl\u00e9k gamma, vagy r\u00f6ntgen sug\u00e1rz\u00e1s v\u00e1ltoz\u00e1sakor figyelmeztet\u0151 \u00e9s riaszt\u00f3 jelz\u00e9s ad\u00e1s\u00e1ra szolg\u00e1l. Alkalmas szintjelz\u00e9si \u00e9s vez\u00e9rl\u00e9si feladatok ell\u00e1t\u00e1s\u00e1ra illetve egy\u00e9b radioakt\u00edv sug\u00e1rz\u00e1ssal kapcsolatos m\u00e9r\u00e9si c\u00e9lra.\n\t\t\t\t\t\t\t\t<\/div>\n\t\t\t\t<\/div>\n\t\t\t\t\t<\/div>\n\t\t<\/div>\n\t\t\t\t\t<\/div>\n\t\t<\/section>\n\t\t\t\t<\/div>\n\t\t","protected":false},"excerpt":{"rendered":"<p>Sug\u00e1rz\u00e1sm\u00e9r\u0151k, jelz\u0151k DM-01 sug\u00e1rz\u00e1sm\u00e9r\u0151 Gy\u00e1rt\u00f3: KBFI-UNI\u00d3 Kft. | M\u00e9r\u00e9si tartom\u00e1ny: 1\u00b5Sv\/h-10mSv\/h | Energia tartom\u00e1ny: 0,05-1,5 MeV | M\u00e9ret: 120x75x35 mm | T\u00f6meg: 200 g | T\u00e1pfesz\u00fclts\u00e9g: 9 V-os 6 F 22 G | M\u0171k\u00f6d\u00e9si id\u0151: 100 \u00f3ra | H\u0151m\u00e9rs\u00e9klet tartom\u00e1ny: -5C\u00b0 &#8211; +50C\u00b0 A DM-01 t\u00edpus\u00fa sug\u00e1rz\u00e1sm\u00e9r\u0151 kism\u00e9ret\u0171, hordozhat\u00f3 k\u00e9zi m\u0171szer, amely r\u00f6ntgen, illetve gamma [&hellip;]<\/p>\n","protected":false},"author":1,"featured_media":0,"parent":0,"menu_order":0,"comment_status":"closed","ping_status":"closed","template":"","meta":{"footnotes":""},"class_list":["post-248","page","type-page","status-publish","hentry"],"_links":{"self":[{"href":"https:\/\/kbfiunio.hu\/index.php?rest_route=\/wp\/v2\/pages\/248","targetHints":{"allow":["GET"]}}],"collection":[{"href":"https:\/\/kbfiunio.hu\/index.php?rest_route=\/wp\/v2\/pages"}],"about":[{"href":"https:\/\/kbfiunio.hu\/index.php?rest_route=\/wp\/v2\/types\/page"}],"author":[{"embeddable":true,"href":"https:\/\/kbfiunio.hu\/index.php?rest_route=\/wp\/v2\/users\/1"}],"replies":[{"embeddable":true,"href":"https:\/\/kbfiunio.hu\/index.php?rest_route=%2Fwp%2Fv2%2Fcomments&post=248"}],"version-history":[{"count":7,"href":"https:\/\/kbfiunio.hu\/index.php?rest_route=\/wp\/v2\/pages\/248\/revisions"}],"predecessor-version":[{"id":335,"href":"https:\/\/kbfiunio.hu\/index.php?rest_route=\/wp\/v2\/pages\/248\/revisions\/335"}],"wp:attachment":[{"href":"https:\/\/kbfiunio.hu\/index.php?rest_route=%2Fwp%2Fv2%2Fmedia&parent=248"}],"curies":[{"name":"wp","href":"https:\/\/api.w.org\/{rel}","templated":true}]}}