{"id":259,"date":"2024-10-27T23:21:40","date_gmt":"2024-10-27T23:21:40","guid":{"rendered":"https:\/\/kbfiunio.hu\/?page_id=259"},"modified":"2024-10-27T23:25:08","modified_gmt":"2024-10-27T23:25:08","slug":"merorendszerek","status":"publish","type":"page","link":"https:\/\/kbfiunio.hu\/?page_id=259","title":{"rendered":"M\u00e9r\u0151rendszerek"},"content":{"rendered":"\t\t<div data-elementor-type=\"wp-page\" data-elementor-id=\"259\" class=\"elementor elementor-259\" data-elementor-post-type=\"page\">\n\t\t\t\t\t\t<section class=\"elementor-section elementor-top-section elementor-element elementor-element-4d1949ed elementor-section-boxed elementor-section-height-default elementor-section-height-default\" data-id=\"4d1949ed\" data-element_type=\"section\" data-e-type=\"section\" data-settings=\"{&quot;background_background&quot;:&quot;classic&quot;}\">\n\t\t\t\t\t\t<div class=\"elementor-container elementor-column-gap-wide\">\n\t\t\t\t\t<div class=\"elementor-column elementor-col-100 elementor-top-column elementor-element elementor-element-632fc356\" data-id=\"632fc356\" data-element_type=\"column\" data-e-type=\"column\">\n\t\t\t<div class=\"elementor-widget-wrap elementor-element-populated\">\n\t\t\t\t\t\t<div class=\"elementor-element elementor-element-6acb9e0b elementor-widget elementor-widget-heading\" data-id=\"6acb9e0b\" data-element_type=\"widget\" data-e-type=\"widget\" data-widget_type=\"heading.default\">\n\t\t\t\t<div class=\"elementor-widget-container\">\n\t\t\t\t\t<h3 class=\"elementor-heading-title elementor-size-default\">M\u00e9r\u0151rendszerek\n<\/h3>\t\t\t\t<\/div>\n\t\t\t\t<\/div>\n\t\t\t\t<div class=\"elementor-element elementor-element-2064f67 elementor-position-left elementor-vertical-align-top elementor-widget elementor-widget-image-box\" data-id=\"2064f67\" data-element_type=\"widget\" data-e-type=\"widget\" data-widget_type=\"image-box.default\">\n\t\t\t\t<div class=\"elementor-widget-container\">\n\t\t\t\t\t<div class=\"elementor-image-box-wrapper\"><figure class=\"elementor-image-box-img\"><img fetchpriority=\"high\" decoding=\"async\" width=\"331\" height=\"248\" src=\"https:\/\/kbfiunio.hu\/wp-content\/uploads\/2024\/10\/szalagmerleg.jpg\" class=\"attachment-full size-full wp-image-261\" alt=\"szalagmerleg\" srcset=\"https:\/\/kbfiunio.hu\/wp-content\/uploads\/2024\/10\/szalagmerleg.jpg 331w, https:\/\/kbfiunio.hu\/wp-content\/uploads\/2024\/10\/szalagmerleg-300x225.jpg 300w\" sizes=\"(max-width: 331px) 100vw, 331px\" \/><\/figure><div class=\"elementor-image-box-content\"><h3 class=\"elementor-image-box-title\"> Radioizot\u00f3pos szalagm\u00e9rleg<\/h3><p class=\"elementor-image-box-description\">Gy\u00e1rt\u00f3:\tKBFI-UNI\u00d3 Kft. |\nBerendez\u00e9s pontoss\u00e1ga:\t+\/- 5 % |\nM\u0171k\u00f6d\u00e9si h\u0151m\u00e9rs\u00e9klet:\t- 20 C\u00b0 + 50 C\u00b0 |\nSug\u00e1rforr\u00e1s:\tCs-137, Co-60 |\nT\u00e1pfesz\u00fclts\u00e9g:\t230 V Ac 50Hz |\nKimen\u0151 jel:\tAnal\u00f3g vagy digit\u00e1lis<\/p><\/div><\/div>\t\t\t\t<\/div>\n\t\t\t\t<\/div>\n\t\t\t\t<div class=\"elementor-element elementor-element-2ee0620 elementor-widget elementor-widget-text-editor\" data-id=\"2ee0620\" data-element_type=\"widget\" data-e-type=\"widget\" data-widget_type=\"text-editor.default\">\n\t\t\t\t<div class=\"elementor-widget-container\">\n\t\t\t\t\t\t\t\t\t<p>A berendez\u00e9s sz\u00e1ll\u00edt\u00f3szalagon sz\u00e1ll\u00edtott term\u00e9kek mennyis\u00e9g\u00e9nek \u00e9s a sz\u00e1ll\u00edt\u00f3szalag terhel\u00e9s\u00e9nek folyamatos \u00e9rint\u00e9s n\u00e9lk\u00fcli m\u00e9r\u00e9s\u00e9re alkalmas. Egyedi kialak\u00edt\u00e1sa lehet\u0151v\u00e9 teszi alkalmaz\u00e1s\u00e1t k\u00fcl\u00f6nf\u00e9le t\u00edpus\u00fa sz\u00e1ll\u00edt\u00f3szalagokon. A m\u00e9r\u00e9s szempontj\u00e1b\u00f3l k\u00f6z\u00f6mb\u00f6s a term\u00e9k elhelyezked\u00e9se a szalagon.<\/p>\t\t\t\t\t\t\t\t<\/div>\n\t\t\t\t<\/div>\n\t\t\t\t<div class=\"elementor-element elementor-element-236d426 elementor-position-left elementor-vertical-align-top elementor-widget elementor-widget-image-box\" data-id=\"236d426\" data-element_type=\"widget\" data-e-type=\"widget\" data-widget_type=\"image-box.default\">\n\t\t\t\t<div class=\"elementor-widget-container\">\n\t\t\t\t\t<div class=\"elementor-image-box-wrapper\"><figure class=\"elementor-image-box-img\"><img decoding=\"async\" width=\"331\" height=\"248\" src=\"https:\/\/kbfiunio.hu\/wp-content\/uploads\/2024\/10\/termek_0.jpg\" class=\"attachment-full size-full wp-image-262\" alt=\"termek_0\" srcset=\"https:\/\/kbfiunio.hu\/wp-content\/uploads\/2024\/10\/termek_0.jpg 331w, https:\/\/kbfiunio.hu\/wp-content\/uploads\/2024\/10\/termek_0-300x225.jpg 300w\" sizes=\"(max-width: 331px) 100vw, 331px\" \/><\/figure><div class=\"elementor-image-box-content\"><h3 class=\"elementor-image-box-title\"> Radiogar\u00e1fiai s\u0171r\u0171s\u00e9gm\u00e9r\u0151 berendez\u00e9s<\/h3><p class=\"elementor-image-box-description\">Gy\u00e1rt\u00f3:\tKBFI-UNI\u00d3 Kft. |\nM\u00e9r\u00e9si tartom\u00e1ny:\t0 - 2,99 g \/ cm3 |\nM\u00e9r\u00e9si pontoss\u00e1g:\t+\/- 0,03 g\/cm3 |\nM\u0171k\u00f6d\u00e9si h\u0151m\u00e9rs\u00e9klet:\t- 20 C\u00b0 + 50 C\u00b0 |\nSug\u00e1rforr\u00e1s:\tCs-137, Co-60 |\nT\u00e1pfesz\u00fclts\u00e9g:\t230 V Ac 50Hz |\nKimen\u0151 jel:\tAnal\u00f3g vagy digit\u00e1lis<\/p><\/div><\/div>\t\t\t\t<\/div>\n\t\t\t\t<\/div>\n\t\t\t\t<div class=\"elementor-element elementor-element-6543820 elementor-widget elementor-widget-text-editor\" data-id=\"6543820\" data-element_type=\"widget\" data-e-type=\"widget\" data-widget_type=\"text-editor.default\">\n\t\t\t\t<div class=\"elementor-widget-container\">\n\t\t\t\t\t\t\t\t\t<p>A s\u0171r\u0171s\u00e9g gyors meghat\u00e1roz\u00e1s\u00e1t biztos\u00edtja a radioizot\u00f3pos s\u0171r\u0171s\u00e9gm\u00e9r\u0151 berendez\u00e9s. A berendez\u00e9s fel\u00e9p\u00edt\u00e9se folyt\u00e1n alkalmas helyhez k\u00f6t\u00f6tt, vagy terepi m\u00e9r\u00e9sek nagy pontoss\u00e1g\u00fa v\u00e9gz\u00e9s\u00e9re. A k\u00edv\u00e1nalmaknak megfelel\u0151 \u00e9rt\u00e9kre be\u00e1ll\u00edtott hat\u00e1r\u00e9rt\u00e9k kapcsol\u00f3k lehet\u0151v\u00e9 teszik, hogy a m\u0171szer \u00e1lland\u00f3 figyel\u00e9se n\u00e9lk\u00fcl jelz\u00e9st kapjunk a be\u00e1ll\u00edtott \u00e9rt\u00e9kt\u0151l val\u00f3 elt\u00e9r\u00e9sr\u0151l. A berendez\u00e9s h\u00e1rom egys\u00e9gb\u0151l \u00e1ll, a sug\u00e1rforr\u00e1st mag\u00e1ban foglal\u00f3 munkatart\u00f3b\u00f3l, cs\u0151re er\u0151s\u00edtett m\u00e9r\u0151fejb\u0151l \u00e9s a kijelz\u0151 egys\u00e9gb\u0151l. A kijelz\u0151 egys\u00e9gben helyezkedik el a jelfeldolgoz\u00f3 elektronika, mely biztos\u00edtja a m\u00e9rt \u00e9rt\u00e9k megjelen\u00edt\u00e9s\u00e9t, illetve a vez\u00e9rl\u00e9shez anal\u00f3g, vagy digit\u00e1lis jeleket.<\/p>\t\t\t\t\t\t\t\t<\/div>\n\t\t\t\t<\/div>\n\t\t\t\t\t<\/div>\n\t\t<\/div>\n\t\t\t\t\t<\/div>\n\t\t<\/section>\n\t\t\t\t<\/div>\n\t\t","protected":false},"excerpt":{"rendered":"<p>M\u00e9r\u0151rendszerek Radioizot\u00f3pos szalagm\u00e9rleg Gy\u00e1rt\u00f3: KBFI-UNI\u00d3 Kft. | Berendez\u00e9s pontoss\u00e1ga: +\/- 5 % | M\u0171k\u00f6d\u00e9si h\u0151m\u00e9rs\u00e9klet: &#8211; 20 C\u00b0 + 50 C\u00b0 | Sug\u00e1rforr\u00e1s: Cs-137, Co-60 | T\u00e1pfesz\u00fclts\u00e9g: 230 V Ac 50Hz | Kimen\u0151 jel: Anal\u00f3g vagy digit\u00e1lis A berendez\u00e9s sz\u00e1ll\u00edt\u00f3szalagon sz\u00e1ll\u00edtott term\u00e9kek mennyis\u00e9g\u00e9nek \u00e9s a sz\u00e1ll\u00edt\u00f3szalag terhel\u00e9s\u00e9nek folyamatos \u00e9rint\u00e9s n\u00e9lk\u00fcli m\u00e9r\u00e9s\u00e9re alkalmas. Egyedi kialak\u00edt\u00e1sa lehet\u0151v\u00e9 [&hellip;]<\/p>\n","protected":false},"author":1,"featured_media":0,"parent":0,"menu_order":0,"comment_status":"closed","ping_status":"closed","template":"","meta":{"footnotes":""},"class_list":["post-259","page","type-page","status-publish","hentry"],"_links":{"self":[{"href":"https:\/\/kbfiunio.hu\/index.php?rest_route=\/wp\/v2\/pages\/259","targetHints":{"allow":["GET"]}}],"collection":[{"href":"https:\/\/kbfiunio.hu\/index.php?rest_route=\/wp\/v2\/pages"}],"about":[{"href":"https:\/\/kbfiunio.hu\/index.php?rest_route=\/wp\/v2\/types\/page"}],"author":[{"embeddable":true,"href":"https:\/\/kbfiunio.hu\/index.php?rest_route=\/wp\/v2\/users\/1"}],"replies":[{"embeddable":true,"href":"https:\/\/kbfiunio.hu\/index.php?rest_route=%2Fwp%2Fv2%2Fcomments&post=259"}],"version-history":[{"count":4,"href":"https:\/\/kbfiunio.hu\/index.php?rest_route=\/wp\/v2\/pages\/259\/revisions"}],"predecessor-version":[{"id":265,"href":"https:\/\/kbfiunio.hu\/index.php?rest_route=\/wp\/v2\/pages\/259\/revisions\/265"}],"wp:attachment":[{"href":"https:\/\/kbfiunio.hu\/index.php?rest_route=%2Fwp%2Fv2%2Fmedia&parent=259"}],"curies":[{"name":"wp","href":"https:\/\/api.w.org\/{rel}","templated":true}]}}