{"id":266,"date":"2024-10-27T23:25:43","date_gmt":"2024-10-27T23:25:43","guid":{"rendered":"https:\/\/kbfiunio.hu\/?page_id=266"},"modified":"2024-10-27T23:32:48","modified_gmt":"2024-10-27T23:32:48","slug":"felszerelesek","status":"publish","type":"page","link":"https:\/\/kbfiunio.hu\/?page_id=266","title":{"rendered":"Felszerel\u00e9sek"},"content":{"rendered":"\t\t<div data-elementor-type=\"wp-page\" data-elementor-id=\"266\" class=\"elementor elementor-266\" data-elementor-post-type=\"page\">\n\t\t\t\t\t\t<section class=\"elementor-section elementor-top-section elementor-element elementor-element-4728c11e elementor-section-boxed elementor-section-height-default elementor-section-height-default\" data-id=\"4728c11e\" data-element_type=\"section\" data-e-type=\"section\" data-settings=\"{&quot;background_background&quot;:&quot;classic&quot;}\">\n\t\t\t\t\t\t<div class=\"elementor-container elementor-column-gap-wide\">\n\t\t\t\t\t<div class=\"elementor-column elementor-col-100 elementor-top-column elementor-element elementor-element-1aebf10c\" data-id=\"1aebf10c\" data-element_type=\"column\" data-e-type=\"column\">\n\t\t\t<div class=\"elementor-widget-wrap elementor-element-populated\">\n\t\t\t\t\t\t<div class=\"elementor-element elementor-element-ea80074 elementor-widget elementor-widget-heading\" data-id=\"ea80074\" data-element_type=\"widget\" data-e-type=\"widget\" data-widget_type=\"heading.default\">\n\t\t\t\t<div class=\"elementor-widget-container\">\n\t\t\t\t\t<h3 class=\"elementor-heading-title elementor-size-default\">Felszerel\u00e9sek\n<\/h3>\t\t\t\t<\/div>\n\t\t\t\t<\/div>\n\t\t\t\t<div class=\"elementor-element elementor-element-7b99444 elementor-position-left elementor-vertical-align-top elementor-widget elementor-widget-image-box\" data-id=\"7b99444\" data-element_type=\"widget\" data-e-type=\"widget\" data-widget_type=\"image-box.default\">\n\t\t\t\t<div class=\"elementor-widget-container\">\n\t\t\t\t\t<div class=\"elementor-image-box-wrapper\"><figure class=\"elementor-image-box-img\"><img fetchpriority=\"high\" decoding=\"async\" width=\"330\" height=\"248\" src=\"https:\/\/kbfiunio.hu\/wp-content\/uploads\/2024\/10\/permanensmagnes.jpg\" class=\"attachment-full size-full wp-image-268\" alt=\"permanensmagnes\" srcset=\"https:\/\/kbfiunio.hu\/wp-content\/uploads\/2024\/10\/permanensmagnes.jpg 330w, https:\/\/kbfiunio.hu\/wp-content\/uploads\/2024\/10\/permanensmagnes-300x225.jpg 300w\" sizes=\"(max-width: 330px) 100vw, 330px\" \/><\/figure><div class=\"elementor-image-box-content\"><h3 class=\"elementor-image-box-title\"> Permanens m\u00e1gnes<\/h3><p class=\"elementor-image-box-description\">Gy\u00e1rt\u00f3:\tKBFI-UNI\u00d3 Kft. |\nM\u00e9ret:\t\u00d832 x 110 mm |\nT\u00f6meg:\t370 g |\nAnyaga:\t\u00dct\u00e9s\u00e1ll\u00f3 ac\u00e9l \u00e9s m\u00fcanyag burkolat<\/p><\/div><\/div>\t\t\t\t<\/div>\n\t\t\t\t<\/div>\n\t\t\t\t<div class=\"elementor-element elementor-element-8baf25e elementor-widget elementor-widget-text-editor\" data-id=\"8baf25e\" data-element_type=\"widget\" data-e-type=\"widget\" data-widget_type=\"text-editor.default\">\n\t\t\t\t<div class=\"elementor-widget-container\">\n\t\t\t\t\t\t\t\t\t<p>M\u00e1gneses reped\u00e9svizsg\u00e1lathoz alkalmazott KUMP-01 t\u00edpus\u00fa permanens m\u00e1gnes bonyolult alakzatokra el\u0151ny\u00f6sen alkalmazhat\u00f3 olyan munkahelyeken, ahol elektromos h\u00e1l\u00f3zat nincs ki\u00e9p\u00edtve.<\/p>\t\t\t\t\t\t\t\t<\/div>\n\t\t\t\t<\/div>\n\t\t\t\t<div class=\"elementor-element elementor-element-b54e607 elementor-position-left elementor-vertical-align-top elementor-widget elementor-widget-image-box\" data-id=\"b54e607\" data-element_type=\"widget\" data-e-type=\"widget\" data-widget_type=\"image-box.default\">\n\t\t\t\t<div class=\"elementor-widget-container\">\n\t\t\t\t\t<div class=\"elementor-image-box-wrapper\"><figure class=\"elementor-image-box-img\"><img decoding=\"async\" width=\"330\" height=\"247\" src=\"https:\/\/kbfiunio.hu\/wp-content\/uploads\/2024\/10\/filmrogzito.jpg\" class=\"attachment-full size-full wp-image-269\" alt=\"\" srcset=\"https:\/\/kbfiunio.hu\/wp-content\/uploads\/2024\/10\/filmrogzito.jpg 330w, https:\/\/kbfiunio.hu\/wp-content\/uploads\/2024\/10\/filmrogzito-300x225.jpg 300w\" sizes=\"(max-width: 330px) 100vw, 330px\" \/><\/figure><div class=\"elementor-image-box-content\"><h3 class=\"elementor-image-box-title\"> Filmr\u00f6gz\u00edt\u0151 m\u00e1gnes<\/h3><p class=\"elementor-image-box-description\">Gy\u00e1rt\u00f3:\tKBFI-UNI\u00d3 Kft. |\nM\u00e9ret:\t180 x 35 x 15 mm |\nT\u00f6meg:\t200 g<\/p><\/div><\/div>\t\t\t\t<\/div>\n\t\t\t\t<\/div>\n\t\t\t\t<div class=\"elementor-element elementor-element-12e2211 elementor-widget elementor-widget-text-editor\" data-id=\"12e2211\" data-element_type=\"widget\" data-e-type=\"widget\" data-widget_type=\"text-editor.default\">\n\t\t\t\t<div class=\"elementor-widget-container\">\n\t\t\t\t\t\t\t\t\t<p>M\u00e1gneses reped\u00e9svizsg\u00e1lathoz alkalmazott KUMP-01 t\u00edpus\u00fa permanens m\u00e1gnes bonyolult alakzatokra el\u0151ny\u00f6sen alkalmazhat\u00f3 olyan munkahelyeken, ahol elektromos h\u00e1l\u00f3zat nincs ki\u00e9p\u00edtve.<\/p>\t\t\t\t\t\t\t\t<\/div>\n\t\t\t\t<\/div>\n\t\t\t\t<div class=\"elementor-element elementor-element-f473419 elementor-position-left elementor-vertical-align-top elementor-widget elementor-widget-image-box\" data-id=\"f473419\" data-element_type=\"widget\" data-e-type=\"widget\" data-widget_type=\"image-box.default\">\n\t\t\t\t<div class=\"elementor-widget-container\">\n\t\t\t\t\t<div class=\"elementor-image-box-wrapper\"><figure class=\"elementor-image-box-img\"><img decoding=\"async\" width=\"319\" height=\"239\" src=\"https:\/\/kbfiunio.hu\/wp-content\/uploads\/2024\/10\/rtgertekelo.jpg\" class=\"attachment-full size-full wp-image-270\" alt=\"rtgertekelo\" srcset=\"https:\/\/kbfiunio.hu\/wp-content\/uploads\/2024\/10\/rtgertekelo.jpg 319w, https:\/\/kbfiunio.hu\/wp-content\/uploads\/2024\/10\/rtgertekelo-300x225.jpg 300w\" sizes=\"(max-width: 319px) 100vw, 319px\" \/><\/figure><div class=\"elementor-image-box-content\"><h3 class=\"elementor-image-box-title\"> R\u00f6ntgenfilm \u00e9rt\u00e9kel\u0151 l\u00e1mpa<\/h3><p class=\"elementor-image-box-description\">Gy\u00e1rt\u00f3:\tKBFI-UNI\u00d3 Kft. |\nH\u00e1l\u00f3zati fesz\u00fclts\u00e9g:\t230V |\nMegvil\u00e1g\u00edt\u00e1s:\t10 db 150 W-os halog\u00e9n izz\u00f3 |\nF\u00e9nys\u0171r\u0171s\u00e9g:\t120 000 cd\/m2 |\nFilmfeketed\u00e9s:\t3,2 - 4,2 |\nKi\u00e9rt\u00e9kel\u0151 fel\u00fclet:\t220x85 mm |\nM\u00e9ret:\t410x200x170 mm |\nT\u00f6meg:\t4,5 kg<\/p><\/div><\/div>\t\t\t\t<\/div>\n\t\t\t\t<\/div>\n\t\t\t\t<div class=\"elementor-element elementor-element-ae0b2f1 elementor-widget elementor-widget-text-editor\" data-id=\"ae0b2f1\" data-element_type=\"widget\" data-e-type=\"widget\" data-widget_type=\"text-editor.default\">\n\t\t\t\t<div class=\"elementor-widget-container\">\n\t\t\t\t\t\t\t\t\t<p>M\u00e1gneses reped\u00e9svizsg\u00e1lathoz alkalmazott KUMP-01 t\u00edpus\u00fa permanens m\u00e1gnes bonyolult alakzatokra el\u0151ny\u00f6sen alkalmazhat\u00f3 olyan munkahelyeken, ahol elektromos h\u00e1l\u00f3zat nincs ki\u00e9p\u00edtve.<\/p>\t\t\t\t\t\t\t\t<\/div>\n\t\t\t\t<\/div>\n\t\t\t\t<div class=\"elementor-element elementor-element-6d5396e elementor-position-left elementor-vertical-align-top elementor-widget elementor-widget-image-box\" data-id=\"6d5396e\" data-element_type=\"widget\" data-e-type=\"widget\" data-widget_type=\"image-box.default\">\n\t\t\t\t<div class=\"elementor-widget-container\">\n\t\t\t\t\t<div class=\"elementor-image-box-wrapper\"><figure class=\"elementor-image-box-img\"><img loading=\"lazy\" decoding=\"async\" width=\"330\" height=\"248\" src=\"https:\/\/kbfiunio.hu\/wp-content\/uploads\/2024\/10\/adr.jpg\" class=\"attachment-full size-full wp-image-271\" alt=\"\" srcset=\"https:\/\/kbfiunio.hu\/wp-content\/uploads\/2024\/10\/adr.jpg 330w, https:\/\/kbfiunio.hu\/wp-content\/uploads\/2024\/10\/adr-300x225.jpg 300w\" sizes=\"(max-width: 330px) 100vw, 330px\" \/><\/figure><div class=\"elementor-image-box-content\"><h3 class=\"elementor-image-box-title\"> ADR felszerel\u00e9sek<\/h3><p class=\"elementor-image-box-description\">A KBFI-UNI\u00d3 Kft. rakt\u00e1rk\u00e9szletr\u0151l tudja kiszolg\u00e1lni \u00fcgyfeleit ADR felszerel\u00e9sekkel. A term\u00e9kek k\u00f6z\u00f6tt megtal\u00e1lhat\u00f3ak az ADR el\u0151\u00edr\u00e1soknak megfelel\u0151 b\u00e1rc\u00e1k, t\u00e1bl\u00e1k \u00e9s k\u00fcl\u00f6nf\u00e9le kiag\u00e9sz\u00edt\u0151k. V\u00e1llaljuk tov\u00e1bb\u00e1 v\u00e1llalatok, c\u00e9geknek sz\u00e1ll\u00edt\u00e1si biztons\u00e1gi tan\u00e1csad\u00e1s\u00e1t.\n<\/p><\/div><\/div>\t\t\t\t<\/div>\n\t\t\t\t<\/div>\n\t\t\t\t<div class=\"elementor-element elementor-element-f5e9119 elementor-position-left elementor-vertical-align-top elementor-widget elementor-widget-image-box\" data-id=\"f5e9119\" data-element_type=\"widget\" data-e-type=\"widget\" data-widget_type=\"image-box.default\">\n\t\t\t\t<div class=\"elementor-widget-container\">\n\t\t\t\t\t<div class=\"elementor-image-box-wrapper\"><figure class=\"elementor-image-box-img\"><img loading=\"lazy\" decoding=\"async\" width=\"331\" height=\"248\" src=\"https:\/\/kbfiunio.hu\/wp-content\/uploads\/2024\/10\/kivezeto.jpg\" class=\"attachment-full size-full wp-image-272\" alt=\"kivezeto\" srcset=\"https:\/\/kbfiunio.hu\/wp-content\/uploads\/2024\/10\/kivezeto.jpg 331w, https:\/\/kbfiunio.hu\/wp-content\/uploads\/2024\/10\/kivezeto-300x225.jpg 300w\" sizes=\"(max-width: 331px) 100vw, 331px\" \/><\/figure><div class=\"elementor-image-box-content\"><h3 class=\"elementor-image-box-title\"> Kivezet\u0151 szerkezet<\/h3><p class=\"elementor-image-box-description\">Gy\u00e1rt\u00f3:\tKBFI-UNI\u00d3 Kft. |\nM\u00e9ret:\t5,5 m |\nT\u00f6meg:\t1 kg |\n\nA KBFI-UNI\u00d3 Kft. \u00e1ltal gy\u00e1rtott kivezet\u0151 szerkezetek biztons\u00e1ggal csatlakoztathat\u00f3ak a radiogr\u00e1fiai felv\u00e9telk\u00e9sz\u00edt\u0151 berendez\u00e9sekhez.\n\n<\/p><\/div><\/div>\t\t\t\t<\/div>\n\t\t\t\t<\/div>\n\t\t\t\t<div class=\"elementor-element elementor-element-b98fb2b elementor-position-left elementor-vertical-align-top elementor-widget elementor-widget-image-box\" data-id=\"b98fb2b\" data-element_type=\"widget\" data-e-type=\"widget\" data-widget_type=\"image-box.default\">\n\t\t\t\t<div class=\"elementor-widget-container\">\n\t\t\t\t\t<div class=\"elementor-image-box-wrapper\"><figure class=\"elementor-image-box-img\"><img loading=\"lazy\" decoding=\"async\" width=\"331\" height=\"248\" src=\"https:\/\/kbfiunio.hu\/wp-content\/uploads\/2024\/10\/kihajto.jpg\" class=\"attachment-full size-full wp-image-273\" alt=\"kihajto\" srcset=\"https:\/\/kbfiunio.hu\/wp-content\/uploads\/2024\/10\/kihajto.jpg 331w, https:\/\/kbfiunio.hu\/wp-content\/uploads\/2024\/10\/kihajto-300x225.jpg 300w\" sizes=\"(max-width: 331px) 100vw, 331px\" \/><\/figure><div class=\"elementor-image-box-content\"><h3 class=\"elementor-image-box-title\"> Kihajt\u00f3 szerkezet<\/h3><p class=\"elementor-image-box-description\">Gy\u00e1rt\u00f3:\tKBFI-UNI\u00d3 Kft. |\nM\u00e9ret:\t7,5 m vagy 10 m |\nT\u00f6meg: \t4 kg vagy 4,5 kg |\n\nA kihajt\u00f3 szerkezet gy\u00e1rt\u00e1sa t\u00e1rsas\u00e1gunkn\u00e1l \u00e9vtizedes m\u00faltra tekint vissza. A kihajt\u00f3szerkezet csatlakoz\u00f3ja rendelhet\u0151 mind a hagyom\u00e1nyos TAK, mind a GAMMAMAT felv\u00e9telk\u00e9sz\u00edt\u0151 berendez\u00e9shez is.\n\n\n<\/p><\/div><\/div>\t\t\t\t<\/div>\n\t\t\t\t<\/div>\n\t\t\t\t\t<\/div>\n\t\t<\/div>\n\t\t\t\t\t<\/div>\n\t\t<\/section>\n\t\t\t\t<\/div>\n\t\t","protected":false},"excerpt":{"rendered":"<p>Felszerel\u00e9sek Permanens m\u00e1gnes Gy\u00e1rt\u00f3: KBFI-UNI\u00d3 Kft. | M\u00e9ret: \u00d832 x 110 mm | T\u00f6meg: 370 g | Anyaga: \u00dct\u00e9s\u00e1ll\u00f3 ac\u00e9l \u00e9s m\u00fcanyag burkolat M\u00e1gneses reped\u00e9svizsg\u00e1lathoz alkalmazott KUMP-01 t\u00edpus\u00fa permanens m\u00e1gnes bonyolult alakzatokra el\u0151ny\u00f6sen alkalmazhat\u00f3 olyan munkahelyeken, ahol elektromos h\u00e1l\u00f3zat nincs ki\u00e9p\u00edtve. Filmr\u00f6gz\u00edt\u0151 m\u00e1gnes Gy\u00e1rt\u00f3: KBFI-UNI\u00d3 Kft. | M\u00e9ret: 180 x 35 x 15 mm | [&hellip;]<\/p>\n","protected":false},"author":1,"featured_media":0,"parent":0,"menu_order":0,"comment_status":"closed","ping_status":"closed","template":"","meta":{"footnotes":""},"class_list":["post-266","page","type-page","status-publish","hentry"],"_links":{"self":[{"href":"https:\/\/kbfiunio.hu\/index.php?rest_route=\/wp\/v2\/pages\/266","targetHints":{"allow":["GET"]}}],"collection":[{"href":"https:\/\/kbfiunio.hu\/index.php?rest_route=\/wp\/v2\/pages"}],"about":[{"href":"https:\/\/kbfiunio.hu\/index.php?rest_route=\/wp\/v2\/types\/page"}],"author":[{"embeddable":true,"href":"https:\/\/kbfiunio.hu\/index.php?rest_route=\/wp\/v2\/users\/1"}],"replies":[{"embeddable":true,"href":"https:\/\/kbfiunio.hu\/index.php?rest_route=%2Fwp%2Fv2%2Fcomments&post=266"}],"version-history":[{"count":4,"href":"https:\/\/kbfiunio.hu\/index.php?rest_route=\/wp\/v2\/pages\/266\/revisions"}],"predecessor-version":[{"id":276,"href":"https:\/\/kbfiunio.hu\/index.php?rest_route=\/wp\/v2\/pages\/266\/revisions\/276"}],"wp:attachment":[{"href":"https:\/\/kbfiunio.hu\/index.php?rest_route=%2Fwp%2Fv2%2Fmedia&parent=266"}],"curies":[{"name":"wp","href":"https:\/\/api.w.org\/{rel}","templated":true}]}}